{"id":120,"date":"2016-03-15T17:57:45","date_gmt":"2016-03-15T15:57:45","guid":{"rendered":"http:\/\/www.osmoscosmos.com\/ocband\/?page_id=120"},"modified":"2026-04-07T14:29:44","modified_gmt":"2026-04-07T11:29:44","slug":"keikat","status":"publish","type":"page","link":"https:\/\/www.osmoscosmos.com\/ocband\/keikat\/","title":{"rendered":"KEIKAT"},"content":{"rendered":"<div id=\"pl-120\"  class=\"panel-layout\" ><div id=\"pg-120-0\"  class=\"panel-grid panel-has-style\" ><div class=\"wide-grey siteorigin-panels-stretch panel-row-style-full-width panel-row-style panel-row-style-for-120-0\" style=\"background: -moz-linear-gradient(top,  rgba(14,0,0,0.9) 0%, rgba(12,0,0,0.9) 11%, rgba(14,0,0,0.9) 100%);\nbackground: -webkit-linear-gradient(top,  rgba(14,0,0,0.9) 0%,rgba(12,0,0,0.9) 11%,rgba(14,0,0,0.9) 100%);\nbackground: linear-gradient(to bottom,  rgba(14,0,0,0.9) 0%,rgba(12,0,0,0.9) 11%,rgba(14,0,0,0.9) 100%);\nfilter: progid:DXImageTransform.Microsoft.gradient( startColorstr=&#039;#e60e0000&#039;, endColorstr=&#039;#e60e0000&#039;,GradientType=0 );\n\n\tmargin-top: -20px;\n\" data-stretch-type=\"full\" ><div id=\"pgc-120-0-0\"  class=\"panel-grid-cell\" ><div id=\"panel-120-0-0-0\" class=\"so-panel widget widget_headline-widget panel-first-child\" data-index=\"0\" >\t\t<h1><\/h1>\n\t\t<div class=\"decoration\"><div class=\"decoration-inside\"><\/div><\/div>\n\t\t<h3><\/h3>\n\t\t<\/div><div id=\"panel-120-0-0-1\" class=\"so-panel widget widget_headline-widget panel-last-child\" data-index=\"1\" >\t\t<h1>KEIKKAKALENTERI<\/h1>\n\t\t<div class=\"decoration\"><div class=\"decoration-inside\"><\/div><\/div>\n\t\t<h3><\/h3>\n\t\t<\/div><\/div><\/div><\/div><div id=\"pg-120-1\"  class=\"panel-grid panel-has-style\" ><div class=\"siteorigin-panels-stretch panel-row-style-full-width panel-row-style panel-row-style-for-120-1\" style=\"background-image: url(http:\/\/www.osmoscosmos.com\/ocband\/wp-content\/themes\/vantage-child\/images\/taustat\/keikat.jpg); \tbackground-repeat: no-repeat;\n\tbackground-position: center top;\n\tbackground-attachment: fixed;\n\tbackground-color: #000;\" data-stretch-type=\"full\" ><div id=\"pgc-120-1-0\"  class=\"panel-grid-cell\" ><div id=\"panel-120-1-0-0\" class=\"so-panel widget widget_sow-editor panel-first-child panel-last-child\" data-index=\"2\" ><div class=\"panel-widget-style panel-widget-style-for-120-1-0-0\" ><div\n\t\t\t\n\t\t\tclass=\"so-widget-sow-editor so-widget-sow-editor-base\"\n\t\t\t\n\t\t>\n<div class=\"siteorigin-widget-tinymce textwidget\">\n\t<p><em>P\u00e4ivitetty viimeksi 7.4. 2026<\/em><\/p>\n<p>&nbsp;<\/p>\n<p>15.5. 2016 pe, Imatra, <a href=\"https:\/\/osmoscosmos.com\/ocbar\/\" target=\"_blank\" rel=\"noopener\"><strong>Osmo's Cosmos Bar<\/strong><\/a> - Next Generation<\/p>\n<p>22.5. 2026 pe, varattu<\/p>\n<p>6.6. 2026 la, Helsinki, yksityistilaisuus<\/p>\n<p>10.7. 2026 pe, <a href=\"https:\/\/www.suursoudut.fi\/viihtyminen\/esiintyjat\/\" target=\"_blank\" rel=\"noopener\"><strong>Sulkavan Suursoudut\u00a0<\/strong><\/a><\/p>\n<p>11.7.2026 la, Degerby, <a href=\"https:\/\/www.facebook.com\/events\/degerbyntie-6-10160-ing%C3%A5-finland\/possujuhlat-2026\/787344283894450\/\" target=\"_blank\" rel=\"noopener\"><strong>Possujuhlat<\/strong><\/a><\/p>\n<p>17.7. 2026 pe, varattu<\/p>\n<p>24.7. 2026 pe, varattu<\/p>\n<p>25.7. 2026 la, varattu<\/p>\n<p>13.8. 2026 to, Saariselk\u00e4, <a href=\"https:\/\/www.facebook.com\/jankhallajytisee\/?locale=fi_FI\" target=\"_blank\" rel=\"noopener\"><strong>J\u00e4nkh\u00e4ll\u00e4 Jytisee<\/strong><\/a><\/p>\n<p>15.8. 2026 la, Lappeenranta, <a href=\"https:\/\/millilleenevents.com\/apulanta-radalla\/\" target=\"_blank\" rel=\"noopener\"><strong>Lappeen Ravirata<\/strong><\/a> - Apulanta, Jannika B<\/p>\n<p>12.9. 2026 la, Imatra, Osmo's Cosmos Show 30 v<\/p>\n<p>&nbsp;<\/p>\n<p><em>Muutokset mahdollisia.<\/em><\/p>\n<p>&nbsp;<\/p>\n<p><img decoding=\"async\" loading=\"lazy\" class=\"alignleft size-full wp-image-2151\" src=\"https:\/\/www.osmoscosmos.com\/ocband\/wp-content\/uploads\/2026\/04\/Possujuhlat_Lohja_Pysty-copy.jpg\" alt=\"\" width=\"1796\" height=\"2552\" srcset=\"https:\/\/www.osmoscosmos.com\/ocband\/wp-content\/uploads\/2026\/04\/Possujuhlat_Lohja_Pysty-copy.jpg 1796w, https:\/\/www.osmoscosmos.com\/ocband\/wp-content\/uploads\/2026\/04\/Possujuhlat_Lohja_Pysty-copy-211x300.jpg 211w, https:\/\/www.osmoscosmos.com\/ocband\/wp-content\/uploads\/2026\/04\/Possujuhlat_Lohja_Pysty-copy-721x1024.jpg 721w, https:\/\/www.osmoscosmos.com\/ocband\/wp-content\/uploads\/2026\/04\/Possujuhlat_Lohja_Pysty-copy-768x1091.jpg 768w, https:\/\/www.osmoscosmos.com\/ocband\/wp-content\/uploads\/2026\/04\/Possujuhlat_Lohja_Pysty-copy-1081x1536.jpg 1081w, https:\/\/www.osmoscosmos.com\/ocband\/wp-content\/uploads\/2026\/04\/Possujuhlat_Lohja_Pysty-copy-1441x2048.jpg 1441w\" sizes=\"(max-width: 1796px) 100vw, 1796px\" \/><\/p>\n<p><img decoding=\"async\" loading=\"lazy\" class=\"alignleft size-full wp-image-2119\" src=\"https:\/\/www.osmoscosmos.com\/ocband\/wp-content\/uploads\/2025\/12\/Apulanta.jpg\" alt=\"\" width=\"640\" height=\"360\" srcset=\"https:\/\/www.osmoscosmos.com\/ocband\/wp-content\/uploads\/2025\/12\/Apulanta.jpg 640w, https:\/\/www.osmoscosmos.com\/ocband\/wp-content\/uploads\/2025\/12\/Apulanta-300x169.jpg 300w\" sizes=\"(max-width: 640px) 100vw, 640px\" \/><\/p>\n<\/div>\n<\/div><\/div><\/div><\/div><div id=\"pgc-120-1-1\"  class=\"panel-grid-cell\" ><div id=\"panel-120-1-1-0\" class=\"so-panel widget widget_sow-editor panel-first-child\" data-index=\"3\" ><div\n\t\t\t\n\t\t\tclass=\"so-widget-sow-editor so-widget-sow-editor-base\"\n\t\t\t\n\t\t>\n<div class=\"siteorigin-widget-tinymce textwidget\">\n\t<\/div>\n<\/div><\/div><div id=\"panel-120-1-1-1\" class=\"so-panel widget widget_sow-editor panel-last-child\" data-index=\"4\" ><div\n\t\t\t\n\t\t\tclass=\"so-widget-sow-editor so-widget-sow-editor-base\"\n\t\t\t\n\t\t>\n<div class=\"siteorigin-widget-tinymce textwidget\">\n\t<p>KEIKAT:<\/p>\n<p>info (at) osmoscosmos.com<\/p>\n<p><a href=\"http:\/\/www.fujitsu.com\/fi\/\" target=\"_blank\" rel=\"noopener\"><img decoding=\"async\" loading=\"lazy\" class=\"alignnone size-full wp-image-123\" src=\"http:\/\/www.osmoscosmos.com\/ocband\/wp-content\/uploads\/2016\/03\/fujitsu.jpg\" alt=\"fujitsu\" width=\"329\" height=\"149\" srcset=\"https:\/\/www.osmoscosmos.com\/ocband\/wp-content\/uploads\/2016\/03\/fujitsu.jpg 329w, https:\/\/www.osmoscosmos.com\/ocband\/wp-content\/uploads\/2016\/03\/fujitsu-300x136.jpg 300w\" sizes=\"(max-width: 329px) 100vw, 329px\" \/><\/a><\/p>\n<p><img decoding=\"async\" loading=\"lazy\" class=\"alignleft size-full wp-image-1802\" src=\"https:\/\/www.osmoscosmos.com\/ocband\/wp-content\/uploads\/2023\/01\/Genelec-logo.jpg\" alt=\"\" width=\"329\" height=\"149\" srcset=\"https:\/\/www.osmoscosmos.com\/ocband\/wp-content\/uploads\/2023\/01\/Genelec-logo.jpg 329w, https:\/\/www.osmoscosmos.com\/ocband\/wp-content\/uploads\/2023\/01\/Genelec-logo-300x136.jpg 300w\" sizes=\"(max-width: 329px) 100vw, 329px\" \/><img decoding=\"async\" loading=\"lazy\" class=\"alignleft size-full wp-image-1805\" src=\"https:\/\/www.osmoscosmos.com\/ocband\/wp-content\/uploads\/2023\/01\/Auto-Suni.jpg\" alt=\"\" width=\"329\" height=\"149\" srcset=\"https:\/\/www.osmoscosmos.com\/ocband\/wp-content\/uploads\/2023\/01\/Auto-Suni.jpg 329w, https:\/\/www.osmoscosmos.com\/ocband\/wp-content\/uploads\/2023\/01\/Auto-Suni-300x136.jpg 300w\" sizes=\"(max-width: 329px) 100vw, 329px\" \/><img decoding=\"async\" loading=\"lazy\" class=\"alignleft size-full wp-image-1808\" src=\"https:\/\/www.osmoscosmos.com\/ocband\/wp-content\/uploads\/2023\/01\/Mercedes-Benz-logo.jpg\" alt=\"\" width=\"329\" height=\"149\" srcset=\"https:\/\/www.osmoscosmos.com\/ocband\/wp-content\/uploads\/2023\/01\/Mercedes-Benz-logo.jpg 329w, https:\/\/www.osmoscosmos.com\/ocband\/wp-content\/uploads\/2023\/01\/Mercedes-Benz-logo-300x136.jpg 300w\" sizes=\"(max-width: 329px) 100vw, 329px\" \/><img decoding=\"async\" loading=\"lazy\" class=\"alignleft size-full wp-image-1811\" src=\"https:\/\/www.osmoscosmos.com\/ocband\/wp-content\/uploads\/2023\/01\/Sorsa-logo.jpg\" alt=\"\" width=\"329\" height=\"149\" srcset=\"https:\/\/www.osmoscosmos.com\/ocband\/wp-content\/uploads\/2023\/01\/Sorsa-logo.jpg 329w, https:\/\/www.osmoscosmos.com\/ocband\/wp-content\/uploads\/2023\/01\/Sorsa-logo-300x136.jpg 300w\" sizes=\"(max-width: 329px) 100vw, 329px\" \/><img decoding=\"async\" loading=\"lazy\" class=\"alignleft size-full wp-image-1820\" src=\"https:\/\/www.osmoscosmos.com\/ocband\/wp-content\/uploads\/2023\/01\/Jallu-tahti.jpg\" alt=\"\" width=\"329\" height=\"149\" srcset=\"https:\/\/www.osmoscosmos.com\/ocband\/wp-content\/uploads\/2023\/01\/Jallu-tahti.jpg 329w, https:\/\/www.osmoscosmos.com\/ocband\/wp-content\/uploads\/2023\/01\/Jallu-tahti-300x136.jpg 300w\" sizes=\"(max-width: 329px) 100vw, 329px\" \/><\/p>\n<\/div>\n<\/div><\/div><\/div><\/div><\/div><\/div>","protected":false},"excerpt":{"rendered":"<p>P\u00e4ivitetty viimeksi 7.4. 2026 &nbsp; 15.5. 2016 pe, Imatra, Osmo&#8217;s Cosmos Bar &#8211; Next Generation 22.5. 2026 pe, varattu 6.6. 2026 la, Helsinki, yksityistilaisuus 10.7. 2026 pe, Sulkavan Suursoudut\u00a0 11.7.2026 la, Degerby, Possujuhlat 17.7. 2026 pe, varattu 24.7. 2026 pe, varattu 25.7. 2026 la, varattu 13.8. 2026 to, Saariselk\u00e4, J\u00e4nkh\u00e4ll\u00e4 Jytisee 15.8. 2026 la, Lappeenranta, [&hellip;]<\/p>\n","protected":false},"author":1,"featured_media":0,"parent":0,"menu_order":0,"comment_status":"closed","ping_status":"closed","template":"templates\/template-full-notitle.php","meta":{"footnotes":""},"yoast_head":"<!-- This site is optimized with the Yoast SEO plugin v22.6 - https:\/\/yoast.com\/wordpress\/plugins\/seo\/ -->\n<title>KEIKAT - OSMO&#039;S COSMOS BAND<\/title>\n<meta name=\"robots\" content=\"index, follow, max-snippet:-1, max-image-preview:large, max-video-preview:-1\" \/>\n<link rel=\"canonical\" href=\"https:\/\/www.osmoscosmos.com\/ocband\/keikat\/\" \/>\n<meta property=\"og:locale\" content=\"fi_FI\" \/>\n<meta property=\"og:type\" content=\"article\" \/>\n<meta property=\"og:title\" content=\"KEIKAT - OSMO&#039;S COSMOS BAND\" \/>\n<meta property=\"og:description\" content=\"P\u00e4ivitetty viimeksi 7.4. 2026 &nbsp; 15.5. 2016 pe, Imatra, Osmo&#039;s Cosmos Bar - Next Generation 22.5. 2026 pe, varattu 6.6. 2026 la, Helsinki, yksityistilaisuus 10.7. 2026 pe, Sulkavan Suursoudut\u00a0 11.7.2026 la, Degerby, Possujuhlat 17.7. 2026 pe, varattu 24.7. 2026 pe, varattu 25.7. 2026 la, varattu 13.8. 2026 to, Saariselk\u00e4, J\u00e4nkh\u00e4ll\u00e4 Jytisee 15.8. 2026 la, Lappeenranta, [&hellip;]\" \/>\n<meta property=\"og:url\" content=\"https:\/\/www.osmoscosmos.com\/ocband\/keikat\/\" \/>\n<meta property=\"og:site_name\" content=\"OSMO&#039;S COSMOS BAND\" \/>\n<meta property=\"article:modified_time\" content=\"2026-04-07T11:29:44+00:00\" \/>\n<meta property=\"og:image\" content=\"https:\/\/www.osmoscosmos.com\/ocband\/wp-content\/uploads\/2026\/04\/Possujuhlat_Lohja_Pysty-copy.jpg\" \/>\n<meta name=\"twitter:card\" content=\"summary_large_image\" \/>\n<meta name=\"twitter:label1\" content=\"Arvioitu lukuaika\" \/>\n\t<meta name=\"twitter:data1\" content=\"3 minuuttia\" \/>\n<script type=\"application\/ld+json\" class=\"yoast-schema-graph\">{\"@context\":\"https:\/\/schema.org\",\"@graph\":[{\"@type\":\"WebPage\",\"@id\":\"https:\/\/www.osmoscosmos.com\/ocband\/keikat\/\",\"url\":\"https:\/\/www.osmoscosmos.com\/ocband\/keikat\/\",\"name\":\"KEIKAT - OSMO&#039;S COSMOS BAND\",\"isPartOf\":{\"@id\":\"https:\/\/www.osmoscosmos.com\/ocband\/#website\"},\"primaryImageOfPage\":{\"@id\":\"https:\/\/www.osmoscosmos.com\/ocband\/keikat\/#primaryimage\"},\"image\":{\"@id\":\"https:\/\/www.osmoscosmos.com\/ocband\/keikat\/#primaryimage\"},\"thumbnailUrl\":\"https:\/\/www.osmoscosmos.com\/ocband\/wp-content\/uploads\/2026\/04\/Possujuhlat_Lohja_Pysty-copy.jpg\",\"datePublished\":\"2016-03-15T15:57:45+00:00\",\"dateModified\":\"2026-04-07T11:29:44+00:00\",\"breadcrumb\":{\"@id\":\"https:\/\/www.osmoscosmos.com\/ocband\/keikat\/#breadcrumb\"},\"inLanguage\":\"fi\",\"potentialAction\":[{\"@type\":\"ReadAction\",\"target\":[\"https:\/\/www.osmoscosmos.com\/ocband\/keikat\/\"]}]},{\"@type\":\"ImageObject\",\"inLanguage\":\"fi\",\"@id\":\"https:\/\/www.osmoscosmos.com\/ocband\/keikat\/#primaryimage\",\"url\":\"https:\/\/www.osmoscosmos.com\/ocband\/wp-content\/uploads\/2026\/04\/Possujuhlat_Lohja_Pysty-copy.jpg\",\"contentUrl\":\"https:\/\/www.osmoscosmos.com\/ocband\/wp-content\/uploads\/2026\/04\/Possujuhlat_Lohja_Pysty-copy.jpg\",\"width\":1796,\"height\":2552},{\"@type\":\"BreadcrumbList\",\"@id\":\"https:\/\/www.osmoscosmos.com\/ocband\/keikat\/#breadcrumb\",\"itemListElement\":[{\"@type\":\"ListItem\",\"position\":1,\"name\":\"Etusivu\",\"item\":\"https:\/\/www.osmoscosmos.com\/ocband\/\"},{\"@type\":\"ListItem\",\"position\":2,\"name\":\"KEIKAT\"}]},{\"@type\":\"WebSite\",\"@id\":\"https:\/\/www.osmoscosmos.com\/ocband\/#website\",\"url\":\"https:\/\/www.osmoscosmos.com\/ocband\/\",\"name\":\"OSMO&#039;S COSMOS BAND\",\"description\":\"\",\"potentialAction\":[{\"@type\":\"SearchAction\",\"target\":{\"@type\":\"EntryPoint\",\"urlTemplate\":\"https:\/\/www.osmoscosmos.com\/ocband\/?s={search_term_string}\"},\"query-input\":\"required name=search_term_string\"}],\"inLanguage\":\"fi\"}]}<\/script>\n<!-- \/ Yoast SEO plugin. -->","yoast_head_json":{"title":"KEIKAT - OSMO&#039;S COSMOS BAND","robots":{"index":"index","follow":"follow","max-snippet":"max-snippet:-1","max-image-preview":"max-image-preview:large","max-video-preview":"max-video-preview:-1"},"canonical":"https:\/\/www.osmoscosmos.com\/ocband\/keikat\/","og_locale":"fi_FI","og_type":"article","og_title":"KEIKAT - OSMO&#039;S COSMOS BAND","og_description":"P\u00e4ivitetty viimeksi 7.4. 2026 &nbsp; 15.5. 2016 pe, Imatra, Osmo's Cosmos Bar - Next Generation 22.5. 2026 pe, varattu 6.6. 2026 la, Helsinki, yksityistilaisuus 10.7. 2026 pe, Sulkavan Suursoudut\u00a0 11.7.2026 la, Degerby, Possujuhlat 17.7. 2026 pe, varattu 24.7. 2026 pe, varattu 25.7. 2026 la, varattu 13.8. 2026 to, Saariselk\u00e4, J\u00e4nkh\u00e4ll\u00e4 Jytisee 15.8. 2026 la, Lappeenranta, [&hellip;]","og_url":"https:\/\/www.osmoscosmos.com\/ocband\/keikat\/","og_site_name":"OSMO&#039;S COSMOS BAND","article_modified_time":"2026-04-07T11:29:44+00:00","og_image":[{"url":"https:\/\/www.osmoscosmos.com\/ocband\/wp-content\/uploads\/2026\/04\/Possujuhlat_Lohja_Pysty-copy.jpg"}],"twitter_card":"summary_large_image","twitter_misc":{"Arvioitu lukuaika":"3 minuuttia"},"schema":{"@context":"https:\/\/schema.org","@graph":[{"@type":"WebPage","@id":"https:\/\/www.osmoscosmos.com\/ocband\/keikat\/","url":"https:\/\/www.osmoscosmos.com\/ocband\/keikat\/","name":"KEIKAT - OSMO&#039;S COSMOS BAND","isPartOf":{"@id":"https:\/\/www.osmoscosmos.com\/ocband\/#website"},"primaryImageOfPage":{"@id":"https:\/\/www.osmoscosmos.com\/ocband\/keikat\/#primaryimage"},"image":{"@id":"https:\/\/www.osmoscosmos.com\/ocband\/keikat\/#primaryimage"},"thumbnailUrl":"https:\/\/www.osmoscosmos.com\/ocband\/wp-content\/uploads\/2026\/04\/Possujuhlat_Lohja_Pysty-copy.jpg","datePublished":"2016-03-15T15:57:45+00:00","dateModified":"2026-04-07T11:29:44+00:00","breadcrumb":{"@id":"https:\/\/www.osmoscosmos.com\/ocband\/keikat\/#breadcrumb"},"inLanguage":"fi","potentialAction":[{"@type":"ReadAction","target":["https:\/\/www.osmoscosmos.com\/ocband\/keikat\/"]}]},{"@type":"ImageObject","inLanguage":"fi","@id":"https:\/\/www.osmoscosmos.com\/ocband\/keikat\/#primaryimage","url":"https:\/\/www.osmoscosmos.com\/ocband\/wp-content\/uploads\/2026\/04\/Possujuhlat_Lohja_Pysty-copy.jpg","contentUrl":"https:\/\/www.osmoscosmos.com\/ocband\/wp-content\/uploads\/2026\/04\/Possujuhlat_Lohja_Pysty-copy.jpg","width":1796,"height":2552},{"@type":"BreadcrumbList","@id":"https:\/\/www.osmoscosmos.com\/ocband\/keikat\/#breadcrumb","itemListElement":[{"@type":"ListItem","position":1,"name":"Etusivu","item":"https:\/\/www.osmoscosmos.com\/ocband\/"},{"@type":"ListItem","position":2,"name":"KEIKAT"}]},{"@type":"WebSite","@id":"https:\/\/www.osmoscosmos.com\/ocband\/#website","url":"https:\/\/www.osmoscosmos.com\/ocband\/","name":"OSMO&#039;S COSMOS BAND","description":"","potentialAction":[{"@type":"SearchAction","target":{"@type":"EntryPoint","urlTemplate":"https:\/\/www.osmoscosmos.com\/ocband\/?s={search_term_string}"},"query-input":"required name=search_term_string"}],"inLanguage":"fi"}]}},"_links":{"self":[{"href":"https:\/\/www.osmoscosmos.com\/ocband\/wp-json\/wp\/v2\/pages\/120"}],"collection":[{"href":"https:\/\/www.osmoscosmos.com\/ocband\/wp-json\/wp\/v2\/pages"}],"about":[{"href":"https:\/\/www.osmoscosmos.com\/ocband\/wp-json\/wp\/v2\/types\/page"}],"author":[{"embeddable":true,"href":"https:\/\/www.osmoscosmos.com\/ocband\/wp-json\/wp\/v2\/users\/1"}],"replies":[{"embeddable":true,"href":"https:\/\/www.osmoscosmos.com\/ocband\/wp-json\/wp\/v2\/comments?post=120"}],"version-history":[{"count":258,"href":"https:\/\/www.osmoscosmos.com\/ocband\/wp-json\/wp\/v2\/pages\/120\/revisions"}],"predecessor-version":[{"id":2153,"href":"https:\/\/www.osmoscosmos.com\/ocband\/wp-json\/wp\/v2\/pages\/120\/revisions\/2153"}],"wp:attachment":[{"href":"https:\/\/www.osmoscosmos.com\/ocband\/wp-json\/wp\/v2\/media?parent=120"}],"curies":[{"name":"wp","href":"https:\/\/api.w.org\/{rel}","templated":true}]}}