{"id":128,"date":"2016-03-15T19:11:03","date_gmt":"2016-03-15T17:11:03","guid":{"rendered":"http:\/\/www.osmoscosmos.com\/ocband\/?page_id=128"},"modified":"2020-08-31T17:20:40","modified_gmt":"2020-08-31T14:20:40","slug":"oc-band","status":"publish","type":"page","link":"https:\/\/www.osmoscosmos.com\/ocband\/oc-band\/","title":{"rendered":"OC SHOW"},"content":{"rendered":"<div id=\"pl-128\"  class=\"panel-layout\" ><div id=\"pg-128-0\"  class=\"panel-grid panel-has-style\" ><div class=\"siteorigin-panels-stretch panel-row-style-full-width panel-row-style panel-row-style-for-128-0\" style=\"background-color: #000000; \tbackground-repeat: no-repeat;\n\tbackground-position: center top;\n\tbackground-attachment: fixed;\n\tbackground-color: #000;\n\nmin-height:90px;\" data-stretch-type=\"full\" ><div id=\"pgc-128-0-0\"  class=\"panel-grid-cell panel-grid-cell-empty\" ><\/div><\/div><\/div><div id=\"pg-128-1\"  class=\"panel-grid panel-has-style\" ><div class=\"wide-grey siteorigin-panels-stretch panel-row-style-full-width panel-row-style panel-row-style-for-128-1\" style=\"background: -moz-linear-gradient(top,  rgba(14,0,0,0.9) 0%, rgba(12,0,0,0.9) 11%, rgba(14,0,0,0.9) 100%);\nbackground: -webkit-linear-gradient(top,  rgba(14,0,0,0.9) 0%,rgba(12,0,0,0.9) 11%,rgba(14,0,0,0.9) 100%);\nbackground: linear-gradient(to bottom,  rgba(14,0,0,0.9) 0%,rgba(12,0,0,0.9) 11%,rgba(14,0,0,0.9) 100%);\nfilter: progid:DXImageTransform.Microsoft.gradient( startColorstr=&#039;#e60e0000&#039;, endColorstr=&#039;#e60e0000&#039;,GradientType=0 );\n\n\tmargin-top: -20px;\n\" data-stretch-type=\"full\" ><div id=\"pgc-128-1-0\"  class=\"panel-grid-cell\" ><div id=\"panel-128-1-0-0\" class=\"so-panel widget widget_headline-widget panel-first-child panel-last-child\" data-index=\"0\" >\t\t<h1>OSMO\u00b4S COSMOS SHOW<\/h1>\n\t\t<div class=\"decoration\"><div class=\"decoration-inside\"><\/div><\/div>\n\t\t<h3>Vuodesta 1996 l\u00e4htien jo yli 1 500 keikkaa tehnyt show-b\u00e4ndi Osmo's Cosmos soittaa glamrock-hengess\u00e4 p\u00e4\u00e4osin 70-, 80- ja 90-luvun ulkomaisia ja kotimaisia hittej\u00e4.<\/h3>\n\t\t<\/div><\/div><\/div><\/div><div id=\"pg-128-2\"  class=\"panel-grid panel-has-style\" ><div class=\"siteorigin-panels-stretch panel-row-style-full-width panel-row-style panel-row-style-for-128-2\" style=\"background-color: #000000; \tbackground-repeat: no-repeat;\n\tbackground-position: center top;\n\tbackground-attachment: fixed;\n\tbackground-color: #000;\" data-stretch-type=\"full\" ><div id=\"pgc-128-2-0\"  class=\"panel-grid-cell\" ><div id=\"panel-128-2-0-0\" class=\"so-panel widget widget_sow-editor panel-first-child panel-last-child\" data-index=\"1\" ><div class=\"panel-widget-style panel-widget-style-for-128-2-0-0\" ><div\n\t\t\t\n\t\t\tclass=\"so-widget-sow-editor so-widget-sow-editor-base\"\n\t\t\t\n\t\t>\n<div class=\"siteorigin-widget-tinymce textwidget\">\n\t<p style=\"text-align: center;\">\u00a0<\/p>\n<p style=\"text-align: center;\">Keikkoja on ollut pienist\u00e4 yksityistilaisuuksista suuriin massatapahtumiin ja kaikkea silt\u00e4 v\u00e4lilt\u00e4. Mukaansa tempaavana liveb\u00e4ndin\u00e4 tunnettu ryhm\u00e4 villitsee niin nuorta, kuin v\u00e4hemm\u00e4n nuorta yleis\u00f6\u00e4 railakkaalla ja ammattitaitoisella show'llaan.<\/p>\n<\/div>\n<\/div><\/div><\/div><\/div><\/div><\/div><div id=\"pg-128-3\"  class=\"panel-grid panel-has-style\" ><div class=\"siteorigin-panels-stretch panel-row-style-full-width panel-row-style panel-row-style-for-128-3\" data-stretch-type=\"full\" ><div id=\"pgc-128-3-0\"  class=\"panel-grid-cell panel-grid-cell-empty\" ><\/div><\/div><\/div><div id=\"pg-128-4\"  class=\"panel-grid panel-has-style\" ><div class=\"siteorigin-panels-stretch panel-row-style-full-width panel-row-style panel-row-style-for-128-4\" style=\"\tbackground-repeat: no-repeat;\n\tbackground-position: center top;\n\tbackground-attachment: fixed;\n\tbackground-color: #000;\" data-stretch-type=\"full\" ><div id=\"pgc-128-4-0\"  class=\"panel-grid-cell\" ><div id=\"panel-128-4-0-0\" class=\"so-panel widget widget_sow-editor panel-first-child panel-last-child\" data-index=\"2\" ><div class=\"so-parallax panel-widget-style panel-widget-style-for-128-4-0-0\" ><img width=\"935\" height=\"1400\" src=\"https:\/\/www.osmoscosmos.com\/ocband\/wp-content\/uploads\/2016\/03\/15233607_10209912200433141_664846550_o.jpg\" class=\"attachment-full size-full\" alt=\"\" decoding=\"async\" data-siteorigin-parallax=\"true\" loading=\"eager\" fetchpriority=\"high\" srcset=\"https:\/\/www.osmoscosmos.com\/ocband\/wp-content\/uploads\/2016\/03\/15233607_10209912200433141_664846550_o.jpg 935w, https:\/\/www.osmoscosmos.com\/ocband\/wp-content\/uploads\/2016\/03\/15233607_10209912200433141_664846550_o-200x300.jpg 200w, https:\/\/www.osmoscosmos.com\/ocband\/wp-content\/uploads\/2016\/03\/15233607_10209912200433141_664846550_o-768x1150.jpg 768w, https:\/\/www.osmoscosmos.com\/ocband\/wp-content\/uploads\/2016\/03\/15233607_10209912200433141_664846550_o-684x1024.jpg 684w\" sizes=\"(max-width: 935px) 100vw, 935px\" \/><div\n\t\t\t\n\t\t\tclass=\"so-widget-sow-editor so-widget-sow-editor-base\"\n\t\t\t\n\t\t>\n<div class=\"siteorigin-widget-tinymce textwidget\">\n\t<h3 style=\"text-align: right;\">Tipe Johnson, laulu<img decoding=\"async\" loading=\"lazy\" class=\"size-full wp-image-1250 aligncenter\" src=\"http:\/\/www.osmoscosmos.com\/ocband\/wp-content\/uploads\/2020\/01\/52596084_2136183553096118_4821380645534040064_o.jpg\" alt=\"\" width=\"2048\" height=\"1365\" srcset=\"https:\/\/www.osmoscosmos.com\/ocband\/wp-content\/uploads\/2020\/01\/52596084_2136183553096118_4821380645534040064_o.jpg 2048w, https:\/\/www.osmoscosmos.com\/ocband\/wp-content\/uploads\/2020\/01\/52596084_2136183553096118_4821380645534040064_o-300x200.jpg 300w, https:\/\/www.osmoscosmos.com\/ocband\/wp-content\/uploads\/2020\/01\/52596084_2136183553096118_4821380645534040064_o-768x512.jpg 768w, https:\/\/www.osmoscosmos.com\/ocband\/wp-content\/uploads\/2020\/01\/52596084_2136183553096118_4821380645534040064_o-1024x683.jpg 1024w, https:\/\/www.osmoscosmos.com\/ocband\/wp-content\/uploads\/2020\/01\/52596084_2136183553096118_4821380645534040064_o-272x182.jpg 272w\" sizes=\"(max-width: 2048px) 100vw, 2048px\" \/><\/h3>\n<\/div>\n<\/div><\/div><\/div><\/div><\/div><\/div><div id=\"pg-128-5\"  class=\"panel-grid panel-has-style\" ><div style=\"\tbackground-repeat: no-repeat;\n\tbackground-position: center top;\n\tbackground-attachment: fixed;\n\tbackground-color: #000;\n\" class=\"panel-row-style panel-row-style-for-128-5\" ><div id=\"pgc-128-5-0\"  class=\"panel-grid-cell\" ><div id=\"panel-128-5-0-0\" class=\"so-panel widget widget_sow-editor panel-first-child panel-last-child\" data-index=\"3\" ><div class=\"so-parallax panel-widget-style panel-widget-style-for-128-5-0-0\" ><img width=\"990\" height=\"1400\" src=\"https:\/\/www.osmoscosmos.com\/ocband\/wp-content\/uploads\/2017\/02\/16832981_10210730829218349_839083594_o.jpg\" class=\"attachment-full size-full\" alt=\"\" decoding=\"async\" data-siteorigin-parallax=\"true\" loading=\"eager\" srcset=\"https:\/\/www.osmoscosmos.com\/ocband\/wp-content\/uploads\/2017\/02\/16832981_10210730829218349_839083594_o.jpg 990w, https:\/\/www.osmoscosmos.com\/ocband\/wp-content\/uploads\/2017\/02\/16832981_10210730829218349_839083594_o-212x300.jpg 212w, https:\/\/www.osmoscosmos.com\/ocband\/wp-content\/uploads\/2017\/02\/16832981_10210730829218349_839083594_o-768x1086.jpg 768w, https:\/\/www.osmoscosmos.com\/ocband\/wp-content\/uploads\/2017\/02\/16832981_10210730829218349_839083594_o-724x1024.jpg 724w\" sizes=\"(max-width: 990px) 100vw, 990px\" \/><div\n\t\t\t\n\t\t\tclass=\"so-widget-sow-editor so-widget-sow-editor-base\"\n\t\t\t\n\t\t>\n<div class=\"siteorigin-widget-tinymce textwidget\">\n\t<h3>Aleksi Koukonen, kitara<\/h3>\n<p><img decoding=\"async\" loading=\"lazy\" class=\"size-full wp-image-1254 aligncenter\" src=\"http:\/\/www.osmoscosmos.com\/ocband\/wp-content\/uploads\/2020\/01\/Aleksi-Eikan-Pub.jpg\" alt=\"\" width=\"1348\" height=\"1067\" srcset=\"https:\/\/www.osmoscosmos.com\/ocband\/wp-content\/uploads\/2020\/01\/Aleksi-Eikan-Pub.jpg 1348w, https:\/\/www.osmoscosmos.com\/ocband\/wp-content\/uploads\/2020\/01\/Aleksi-Eikan-Pub-300x237.jpg 300w, https:\/\/www.osmoscosmos.com\/ocband\/wp-content\/uploads\/2020\/01\/Aleksi-Eikan-Pub-768x608.jpg 768w, https:\/\/www.osmoscosmos.com\/ocband\/wp-content\/uploads\/2020\/01\/Aleksi-Eikan-Pub-1024x811.jpg 1024w\" sizes=\"(max-width: 1348px) 100vw, 1348px\" \/><\/p>\n<p>\u00a0<\/p>\n<\/div>\n<\/div><\/div><\/div><\/div><\/div><\/div><div id=\"pg-128-6\"  class=\"panel-grid panel-has-style\" ><div class=\"siteorigin-panels-stretch panel-row-style-full-width panel-row-style panel-row-style-for-128-6\" style=\"background-color: #000000; \tbackground-repeat: no-repeat;\n\tbackground-position: center top;\n\tbackground-attachment: fixed;\n\tbackground-color: #000;\" data-stretch-type=\"full\" ><div id=\"pgc-128-6-0\"  class=\"panel-grid-cell\" ><div id=\"panel-128-6-0-0\" class=\"so-panel widget widget_sow-editor panel-first-child panel-last-child\" data-index=\"4\" ><div class=\"so-parallax panel-widget-style panel-widget-style-for-128-6-0-0\" ><img width=\"934\" height=\"1400\" src=\"https:\/\/www.osmoscosmos.com\/ocband\/wp-content\/uploads\/2016\/03\/15820837_10210261053074239_488795008_o.jpg\" class=\"attachment-full size-full\" alt=\"\" decoding=\"async\" data-siteorigin-parallax=\"true\" loading=\"eager\" srcset=\"https:\/\/www.osmoscosmos.com\/ocband\/wp-content\/uploads\/2016\/03\/15820837_10210261053074239_488795008_o.jpg 934w, https:\/\/www.osmoscosmos.com\/ocband\/wp-content\/uploads\/2016\/03\/15820837_10210261053074239_488795008_o-200x300.jpg 200w, https:\/\/www.osmoscosmos.com\/ocband\/wp-content\/uploads\/2016\/03\/15820837_10210261053074239_488795008_o-768x1151.jpg 768w, https:\/\/www.osmoscosmos.com\/ocband\/wp-content\/uploads\/2016\/03\/15820837_10210261053074239_488795008_o-683x1024.jpg 683w\" sizes=\"(max-width: 934px) 100vw, 934px\" \/><div\n\t\t\t\n\t\t\tclass=\"so-widget-sow-editor so-widget-sow-editor-base\"\n\t\t\t\n\t\t>\n<div class=\"siteorigin-widget-tinymce textwidget\">\n\t<h3 style=\"text-align: right;\">Henri Putto, basso<\/h3>\n<p><img decoding=\"async\" loading=\"lazy\" class=\"alignleft size-full wp-image-1251\" src=\"http:\/\/www.osmoscosmos.com\/ocband\/wp-content\/uploads\/2020\/01\/52415919_2136183719762768_7729198488474353664_o.jpg\" alt=\"\" width=\"2048\" height=\"1297\" srcset=\"https:\/\/www.osmoscosmos.com\/ocband\/wp-content\/uploads\/2020\/01\/52415919_2136183719762768_7729198488474353664_o.jpg 2048w, https:\/\/www.osmoscosmos.com\/ocband\/wp-content\/uploads\/2020\/01\/52415919_2136183719762768_7729198488474353664_o-300x190.jpg 300w, https:\/\/www.osmoscosmos.com\/ocband\/wp-content\/uploads\/2020\/01\/52415919_2136183719762768_7729198488474353664_o-768x486.jpg 768w, https:\/\/www.osmoscosmos.com\/ocband\/wp-content\/uploads\/2020\/01\/52415919_2136183719762768_7729198488474353664_o-1024x649.jpg 1024w\" sizes=\"(max-width: 2048px) 100vw, 2048px\" \/><\/p>\n<\/div>\n<\/div><\/div><\/div><\/div><\/div><\/div><div id=\"pg-128-7\"  class=\"panel-grid panel-has-style\" ><div class=\"siteorigin-panels-stretch panel-row-style-full-width panel-row-style panel-row-style-for-128-7\" style=\"background-color: #000000; \tbackground-repeat: no-repeat;\n\tbackground-position: center top;\n\tbackground-attachment: fixed;\n\tbackground-color: #000;\" data-stretch-type=\"full\" ><div id=\"pgc-128-7-0\"  class=\"panel-grid-cell\" ><div id=\"panel-128-7-0-0\" class=\"so-panel widget widget_sow-editor panel-first-child panel-last-child\" data-index=\"5\" ><div class=\"so-parallax panel-widget-style panel-widget-style-for-128-7-0-0\" ><img width=\"1400\" height=\"934\" src=\"https:\/\/www.osmoscosmos.com\/ocband\/wp-content\/uploads\/2016\/03\/15824610_10210261049114140_641323183_o.jpg\" class=\"attachment-full size-full\" alt=\"\" decoding=\"async\" data-siteorigin-parallax=\"true\" loading=\"eager\" srcset=\"https:\/\/www.osmoscosmos.com\/ocband\/wp-content\/uploads\/2016\/03\/15824610_10210261049114140_641323183_o.jpg 1400w, https:\/\/www.osmoscosmos.com\/ocband\/wp-content\/uploads\/2016\/03\/15824610_10210261049114140_641323183_o-300x200.jpg 300w, https:\/\/www.osmoscosmos.com\/ocband\/wp-content\/uploads\/2016\/03\/15824610_10210261049114140_641323183_o-768x512.jpg 768w, https:\/\/www.osmoscosmos.com\/ocband\/wp-content\/uploads\/2016\/03\/15824610_10210261049114140_641323183_o-1024x683.jpg 1024w, https:\/\/www.osmoscosmos.com\/ocband\/wp-content\/uploads\/2016\/03\/15824610_10210261049114140_641323183_o-272x182.jpg 272w\" sizes=\"(max-width: 1400px) 100vw, 1400px\" \/><div\n\t\t\t\n\t\t\tclass=\"so-widget-sow-editor so-widget-sow-editor-base\"\n\t\t\t\n\t\t>\n<div class=\"siteorigin-widget-tinymce textwidget\">\n\t<h3 style=\"text-align: right;\">Henry Siira, rummut<br \/><img decoding=\"async\" loading=\"lazy\" class=\"size-full wp-image-1247 aligncenter\" src=\"http:\/\/www.osmoscosmos.com\/ocband\/wp-content\/uploads\/2020\/01\/IMG_0524.jpg\" alt=\"\" width=\"1500\" height=\"2000\" srcset=\"https:\/\/www.osmoscosmos.com\/ocband\/wp-content\/uploads\/2020\/01\/IMG_0524.jpg 1500w, https:\/\/www.osmoscosmos.com\/ocband\/wp-content\/uploads\/2020\/01\/IMG_0524-225x300.jpg 225w, https:\/\/www.osmoscosmos.com\/ocband\/wp-content\/uploads\/2020\/01\/IMG_0524-768x1024.jpg 768w\" sizes=\"(max-width: 1500px) 100vw, 1500px\" \/><\/h3>\n<\/div>\n<\/div><\/div><\/div><\/div><\/div><\/div><div id=\"pg-128-8\"  class=\"panel-grid panel-has-style\" ><div class=\"siteorigin-panels-stretch panel-row-style-full-width panel-row-style panel-row-style-for-128-8\" style=\"background-color: #000000; \tbackground-repeat: no-repeat;\n\tbackground-position: center top;\n\tbackground-attachment: fixed;\n\tbackground-color: #000;\" data-stretch-type=\"full\" ><div id=\"pgc-128-8-0\"  class=\"panel-grid-cell\" ><div id=\"panel-128-8-0-0\" class=\"so-panel widget widget_sow-editor panel-first-child panel-last-child\" data-index=\"6\" ><div class=\"so-parallax panel-widget-style panel-widget-style-for-128-8-0-0\" ><img width=\"798\" height=\"1181\" src=\"https:\/\/www.osmoscosmos.com\/ocband\/wp-content\/uploads\/2016\/03\/DSC00215.jpg\" class=\"attachment-full size-full\" alt=\"\" decoding=\"async\" data-siteorigin-parallax=\"true\" loading=\"eager\" srcset=\"https:\/\/www.osmoscosmos.com\/ocband\/wp-content\/uploads\/2016\/03\/DSC00215.jpg 798w, https:\/\/www.osmoscosmos.com\/ocband\/wp-content\/uploads\/2016\/03\/DSC00215-203x300.jpg 203w, https:\/\/www.osmoscosmos.com\/ocband\/wp-content\/uploads\/2016\/03\/DSC00215-768x1137.jpg 768w, https:\/\/www.osmoscosmos.com\/ocband\/wp-content\/uploads\/2016\/03\/DSC00215-692x1024.jpg 692w\" sizes=\"(max-width: 798px) 100vw, 798px\" \/><div\n\t\t\t\n\t\t\tclass=\"so-widget-sow-editor so-widget-sow-editor-base\"\n\t\t\t\n\t\t>\n<div class=\"siteorigin-widget-tinymce textwidget\">\n\t<h3 style=\"text-align: left;\">Ville Soininen, kitara ja taustalaulu<\/h3>\n<p><img decoding=\"async\" loading=\"lazy\" class=\"alignleft size-full wp-image-1252\" src=\"http:\/\/www.osmoscosmos.com\/ocband\/wp-content\/uploads\/2020\/01\/52158513_2136183466429460_38985774628077568_o.jpg\" alt=\"\" width=\"2048\" height=\"1163\" srcset=\"https:\/\/www.osmoscosmos.com\/ocband\/wp-content\/uploads\/2020\/01\/52158513_2136183466429460_38985774628077568_o.jpg 2048w, https:\/\/www.osmoscosmos.com\/ocband\/wp-content\/uploads\/2020\/01\/52158513_2136183466429460_38985774628077568_o-300x170.jpg 300w, https:\/\/www.osmoscosmos.com\/ocband\/wp-content\/uploads\/2020\/01\/52158513_2136183466429460_38985774628077568_o-768x436.jpg 768w, https:\/\/www.osmoscosmos.com\/ocband\/wp-content\/uploads\/2020\/01\/52158513_2136183466429460_38985774628077568_o-1024x582.jpg 1024w\" sizes=\"(max-width: 2048px) 100vw, 2048px\" \/><\/p>\n<\/div>\n<\/div><\/div><\/div><\/div><\/div><\/div><div id=\"pg-128-9\"  class=\"panel-grid panel-has-style\" ><div class=\"siteorigin-panels-stretch panel-row-style-full-width panel-row-style panel-row-style-for-128-9\" style=\"background-color: #000000; \tbackground-repeat: no-repeat;\n\tbackground-position: center top;\n\tbackground-attachment: fixed;\n\tbackground-color: #000;\" data-stretch-type=\"full\" ><div id=\"pgc-128-9-0\"  class=\"panel-grid-cell\" ><div id=\"panel-128-9-0-0\" class=\"so-panel widget widget_sow-editor panel-first-child panel-last-child\" data-index=\"7\" ><div class=\"so-parallax panel-widget-style panel-widget-style-for-128-9-0-0\" ><img width=\"1181\" height=\"798\" src=\"https:\/\/www.osmoscosmos.com\/ocband\/wp-content\/uploads\/2016\/03\/DSC00241.jpg\" class=\"attachment-full size-full\" alt=\"\" decoding=\"async\" data-siteorigin-parallax=\"true\" loading=\"eager\" srcset=\"https:\/\/www.osmoscosmos.com\/ocband\/wp-content\/uploads\/2016\/03\/DSC00241.jpg 1181w, https:\/\/www.osmoscosmos.com\/ocband\/wp-content\/uploads\/2016\/03\/DSC00241-300x203.jpg 300w, https:\/\/www.osmoscosmos.com\/ocband\/wp-content\/uploads\/2016\/03\/DSC00241-768x519.jpg 768w, https:\/\/www.osmoscosmos.com\/ocband\/wp-content\/uploads\/2016\/03\/DSC00241-1024x692.jpg 1024w\" sizes=\"(max-width: 1181px) 100vw, 1181px\" \/><div\n\t\t\t\n\t\t\tclass=\"so-widget-sow-editor so-widget-sow-editor-base\"\n\t\t\t\n\t\t>\n<div class=\"siteorigin-widget-tinymce textwidget\">\n\t<h3>Pete Kiisseli, kitara ja taustalaulu<\/h3>\n<p><img decoding=\"async\" loading=\"lazy\" class=\"alignleft size-full wp-image-1255\" src=\"http:\/\/www.osmoscosmos.com\/ocband\/wp-content\/uploads\/2020\/01\/15252518_1314361971941553_2562270961663973959_o.jpg\" alt=\"\" width=\"1400\" height=\"933\" srcset=\"https:\/\/www.osmoscosmos.com\/ocband\/wp-content\/uploads\/2020\/01\/15252518_1314361971941553_2562270961663973959_o.jpg 1400w, https:\/\/www.osmoscosmos.com\/ocband\/wp-content\/uploads\/2020\/01\/15252518_1314361971941553_2562270961663973959_o-300x200.jpg 300w, https:\/\/www.osmoscosmos.com\/ocband\/wp-content\/uploads\/2020\/01\/15252518_1314361971941553_2562270961663973959_o-768x512.jpg 768w, https:\/\/www.osmoscosmos.com\/ocband\/wp-content\/uploads\/2020\/01\/15252518_1314361971941553_2562270961663973959_o-1024x682.jpg 1024w, https:\/\/www.osmoscosmos.com\/ocband\/wp-content\/uploads\/2020\/01\/15252518_1314361971941553_2562270961663973959_o-272x182.jpg 272w\" sizes=\"(max-width: 1400px) 100vw, 1400px\" \/><\/p>\n<p>&nbsp;<\/p>\n<p><em>Live-kokoonpano voi vaihdella.<\/em><\/p>\n<\/div>\n<\/div><\/div><\/div><\/div><\/div><\/div><\/div>","protected":false},"excerpt":{"rendered":"<p>OSMO\u00b4S COSMOS SHOW Vuodesta 1996 l\u00e4htien jo yli 1 500 keikkaa tehnyt show-b\u00e4ndi Osmo&#8217;s Cosmos soittaa glamrock-hengess\u00e4 p\u00e4\u00e4osin 70-, 80- ja 90-luvun ulkomaisia ja kotimaisia hittej\u00e4. \u00a0 Keikkoja on ollut pienist\u00e4 yksityistilaisuuksista suuriin massatapahtumiin ja kaikkea silt\u00e4 v\u00e4lilt\u00e4. Mukaansa tempaavana liveb\u00e4ndin\u00e4 tunnettu ryhm\u00e4 villitsee niin nuorta, kuin v\u00e4hemm\u00e4n nuorta yleis\u00f6\u00e4 railakkaalla ja ammattitaitoisella show&#8217;llaan. Tipe [&hellip;]<\/p>\n","protected":false},"author":1,"featured_media":0,"parent":0,"menu_order":0,"comment_status":"closed","ping_status":"closed","template":"templates\/template-full-notitle.php","meta":{"footnotes":""},"yoast_head":"<!-- This site is optimized with the Yoast SEO plugin v22.6 - https:\/\/yoast.com\/wordpress\/plugins\/seo\/ -->\n<title>OC SHOW - OSMO&#039;S COSMOS BAND<\/title>\n<meta name=\"robots\" content=\"index, follow, max-snippet:-1, max-image-preview:large, max-video-preview:-1\" \/>\n<link rel=\"canonical\" href=\"https:\/\/www.osmoscosmos.com\/ocband\/oc-band\/\" \/>\n<meta property=\"og:locale\" content=\"fi_FI\" \/>\n<meta property=\"og:type\" content=\"article\" \/>\n<meta property=\"og:title\" content=\"OC SHOW - OSMO&#039;S COSMOS BAND\" \/>\n<meta property=\"og:description\" content=\"OSMO\u00b4S COSMOS SHOW Vuodesta 1996 l\u00e4htien jo yli 1 500 keikkaa tehnyt show-b\u00e4ndi Osmo&#039;s Cosmos soittaa glamrock-hengess\u00e4 p\u00e4\u00e4osin 70-, 80- ja 90-luvun ulkomaisia ja kotimaisia hittej\u00e4. \u00a0 Keikkoja on ollut pienist\u00e4 yksityistilaisuuksista suuriin massatapahtumiin ja kaikkea silt\u00e4 v\u00e4lilt\u00e4. Mukaansa tempaavana liveb\u00e4ndin\u00e4 tunnettu ryhm\u00e4 villitsee niin nuorta, kuin v\u00e4hemm\u00e4n nuorta yleis\u00f6\u00e4 railakkaalla ja ammattitaitoisella show&#039;llaan. Tipe [&hellip;]\" \/>\n<meta property=\"og:url\" content=\"https:\/\/www.osmoscosmos.com\/ocband\/oc-band\/\" \/>\n<meta property=\"og:site_name\" content=\"OSMO&#039;S COSMOS BAND\" \/>\n<meta property=\"article:modified_time\" content=\"2020-08-31T14:20:40+00:00\" \/>\n<meta property=\"og:image\" content=\"http:\/\/www.osmoscosmos.com\/ocband\/wp-content\/uploads\/2020\/01\/52596084_2136183553096118_4821380645534040064_o.jpg\" \/>\n<meta name=\"twitter:card\" content=\"summary_large_image\" \/>\n<script type=\"application\/ld+json\" class=\"yoast-schema-graph\">{\"@context\":\"https:\/\/schema.org\",\"@graph\":[{\"@type\":\"WebPage\",\"@id\":\"https:\/\/www.osmoscosmos.com\/ocband\/oc-band\/\",\"url\":\"https:\/\/www.osmoscosmos.com\/ocband\/oc-band\/\",\"name\":\"OC SHOW - OSMO&#039;S COSMOS BAND\",\"isPartOf\":{\"@id\":\"https:\/\/www.osmoscosmos.com\/ocband\/#website\"},\"primaryImageOfPage\":{\"@id\":\"https:\/\/www.osmoscosmos.com\/ocband\/oc-band\/#primaryimage\"},\"image\":{\"@id\":\"https:\/\/www.osmoscosmos.com\/ocband\/oc-band\/#primaryimage\"},\"thumbnailUrl\":\"http:\/\/www.osmoscosmos.com\/ocband\/wp-content\/uploads\/2020\/01\/52596084_2136183553096118_4821380645534040064_o.jpg\",\"datePublished\":\"2016-03-15T17:11:03+00:00\",\"dateModified\":\"2020-08-31T14:20:40+00:00\",\"breadcrumb\":{\"@id\":\"https:\/\/www.osmoscosmos.com\/ocband\/oc-band\/#breadcrumb\"},\"inLanguage\":\"fi\",\"potentialAction\":[{\"@type\":\"ReadAction\",\"target\":[\"https:\/\/www.osmoscosmos.com\/ocband\/oc-band\/\"]}]},{\"@type\":\"ImageObject\",\"inLanguage\":\"fi\",\"@id\":\"https:\/\/www.osmoscosmos.com\/ocband\/oc-band\/#primaryimage\",\"url\":\"http:\/\/www.osmoscosmos.com\/ocband\/wp-content\/uploads\/2020\/01\/52596084_2136183553096118_4821380645534040064_o.jpg\",\"contentUrl\":\"http:\/\/www.osmoscosmos.com\/ocband\/wp-content\/uploads\/2020\/01\/52596084_2136183553096118_4821380645534040064_o.jpg\"},{\"@type\":\"BreadcrumbList\",\"@id\":\"https:\/\/www.osmoscosmos.com\/ocband\/oc-band\/#breadcrumb\",\"itemListElement\":[{\"@type\":\"ListItem\",\"position\":1,\"name\":\"Etusivu\",\"item\":\"https:\/\/www.osmoscosmos.com\/ocband\/\"},{\"@type\":\"ListItem\",\"position\":2,\"name\":\"OC SHOW\"}]},{\"@type\":\"WebSite\",\"@id\":\"https:\/\/www.osmoscosmos.com\/ocband\/#website\",\"url\":\"https:\/\/www.osmoscosmos.com\/ocband\/\",\"name\":\"OSMO&#039;S COSMOS BAND\",\"description\":\"\",\"potentialAction\":[{\"@type\":\"SearchAction\",\"target\":{\"@type\":\"EntryPoint\",\"urlTemplate\":\"https:\/\/www.osmoscosmos.com\/ocband\/?s={search_term_string}\"},\"query-input\":\"required name=search_term_string\"}],\"inLanguage\":\"fi\"}]}<\/script>\n<!-- \/ Yoast SEO plugin. -->","yoast_head_json":{"title":"OC SHOW - OSMO&#039;S COSMOS BAND","robots":{"index":"index","follow":"follow","max-snippet":"max-snippet:-1","max-image-preview":"max-image-preview:large","max-video-preview":"max-video-preview:-1"},"canonical":"https:\/\/www.osmoscosmos.com\/ocband\/oc-band\/","og_locale":"fi_FI","og_type":"article","og_title":"OC SHOW - OSMO&#039;S COSMOS BAND","og_description":"OSMO\u00b4S COSMOS SHOW Vuodesta 1996 l\u00e4htien jo yli 1 500 keikkaa tehnyt show-b\u00e4ndi Osmo's Cosmos soittaa glamrock-hengess\u00e4 p\u00e4\u00e4osin 70-, 80- ja 90-luvun ulkomaisia ja kotimaisia hittej\u00e4. \u00a0 Keikkoja on ollut pienist\u00e4 yksityistilaisuuksista suuriin massatapahtumiin ja kaikkea silt\u00e4 v\u00e4lilt\u00e4. Mukaansa tempaavana liveb\u00e4ndin\u00e4 tunnettu ryhm\u00e4 villitsee niin nuorta, kuin v\u00e4hemm\u00e4n nuorta yleis\u00f6\u00e4 railakkaalla ja ammattitaitoisella show'llaan. Tipe [&hellip;]","og_url":"https:\/\/www.osmoscosmos.com\/ocband\/oc-band\/","og_site_name":"OSMO&#039;S COSMOS BAND","article_modified_time":"2020-08-31T14:20:40+00:00","og_image":[{"url":"http:\/\/www.osmoscosmos.com\/ocband\/wp-content\/uploads\/2020\/01\/52596084_2136183553096118_4821380645534040064_o.jpg"}],"twitter_card":"summary_large_image","schema":{"@context":"https:\/\/schema.org","@graph":[{"@type":"WebPage","@id":"https:\/\/www.osmoscosmos.com\/ocband\/oc-band\/","url":"https:\/\/www.osmoscosmos.com\/ocband\/oc-band\/","name":"OC SHOW - OSMO&#039;S COSMOS BAND","isPartOf":{"@id":"https:\/\/www.osmoscosmos.com\/ocband\/#website"},"primaryImageOfPage":{"@id":"https:\/\/www.osmoscosmos.com\/ocband\/oc-band\/#primaryimage"},"image":{"@id":"https:\/\/www.osmoscosmos.com\/ocband\/oc-band\/#primaryimage"},"thumbnailUrl":"http:\/\/www.osmoscosmos.com\/ocband\/wp-content\/uploads\/2020\/01\/52596084_2136183553096118_4821380645534040064_o.jpg","datePublished":"2016-03-15T17:11:03+00:00","dateModified":"2020-08-31T14:20:40+00:00","breadcrumb":{"@id":"https:\/\/www.osmoscosmos.com\/ocband\/oc-band\/#breadcrumb"},"inLanguage":"fi","potentialAction":[{"@type":"ReadAction","target":["https:\/\/www.osmoscosmos.com\/ocband\/oc-band\/"]}]},{"@type":"ImageObject","inLanguage":"fi","@id":"https:\/\/www.osmoscosmos.com\/ocband\/oc-band\/#primaryimage","url":"http:\/\/www.osmoscosmos.com\/ocband\/wp-content\/uploads\/2020\/01\/52596084_2136183553096118_4821380645534040064_o.jpg","contentUrl":"http:\/\/www.osmoscosmos.com\/ocband\/wp-content\/uploads\/2020\/01\/52596084_2136183553096118_4821380645534040064_o.jpg"},{"@type":"BreadcrumbList","@id":"https:\/\/www.osmoscosmos.com\/ocband\/oc-band\/#breadcrumb","itemListElement":[{"@type":"ListItem","position":1,"name":"Etusivu","item":"https:\/\/www.osmoscosmos.com\/ocband\/"},{"@type":"ListItem","position":2,"name":"OC SHOW"}]},{"@type":"WebSite","@id":"https:\/\/www.osmoscosmos.com\/ocband\/#website","url":"https:\/\/www.osmoscosmos.com\/ocband\/","name":"OSMO&#039;S COSMOS BAND","description":"","potentialAction":[{"@type":"SearchAction","target":{"@type":"EntryPoint","urlTemplate":"https:\/\/www.osmoscosmos.com\/ocband\/?s={search_term_string}"},"query-input":"required name=search_term_string"}],"inLanguage":"fi"}]}},"_links":{"self":[{"href":"https:\/\/www.osmoscosmos.com\/ocband\/wp-json\/wp\/v2\/pages\/128"}],"collection":[{"href":"https:\/\/www.osmoscosmos.com\/ocband\/wp-json\/wp\/v2\/pages"}],"about":[{"href":"https:\/\/www.osmoscosmos.com\/ocband\/wp-json\/wp\/v2\/types\/page"}],"author":[{"embeddable":true,"href":"https:\/\/www.osmoscosmos.com\/ocband\/wp-json\/wp\/v2\/users\/1"}],"replies":[{"embeddable":true,"href":"https:\/\/www.osmoscosmos.com\/ocband\/wp-json\/wp\/v2\/comments?post=128"}],"version-history":[{"count":0,"href":"https:\/\/www.osmoscosmos.com\/ocband\/wp-json\/wp\/v2\/pages\/128\/revisions"}],"wp:attachment":[{"href":"https:\/\/www.osmoscosmos.com\/ocband\/wp-json\/wp\/v2\/media?parent=128"}],"curies":[{"name":"wp","href":"https:\/\/api.w.org\/{rel}","templated":true}]}}