{"id":177,"date":"2016-03-16T01:21:28","date_gmt":"2016-03-15T23:21:28","guid":{"rendered":"http:\/\/www.osmoscosmos.com\/ocband\/?page_id=177"},"modified":"2016-03-18T23:48:26","modified_gmt":"2016-03-18T21:48:26","slug":"lideo-show","status":"publish","type":"page","link":"https:\/\/www.osmoscosmos.com\/ocband\/lideo-show\/","title":{"rendered":"LIDEO SHOW"},"content":{"rendered":"<div id=\"pl-177\"  class=\"panel-layout\" ><div id=\"pg-177-0\"  class=\"panel-grid panel-has-style\" ><div class=\"wide-grey siteorigin-panels-stretch panel-row-style-full-width panel-row-style panel-row-style-for-177-0\" style=\"\n\n\tmargin-top: -20px;\n\" data-stretch-type=\"full\" ><div id=\"pgc-177-0-0\"  class=\"panel-grid-cell\" ><div id=\"panel-177-0-0-0\" class=\"so-panel widget widget_headline-widget panel-first-child panel-last-child\" data-index=\"0\" >\t\t<h1>Osmo&#039;s Cosmos Lideo Show<\/h1>\n\t\t<div class=\"decoration\"><div class=\"decoration-inside\"><\/div><\/div>\n\t\t<h3><\/h3>\n\t\t<\/div><\/div><\/div><\/div><div id=\"pg-177-1\"  class=\"panel-grid panel-has-style\" ><div class=\"siteorigin-panels-stretch panel-row-style-full-width panel-row-style panel-row-style-for-177-1\" style=\"\n\n\" data-stretch-type=\"full\" ><div id=\"pgc-177-1-0\"  class=\"panel-grid-cell panel-grid-cell-mobile-last\" ><div id=\"panel-177-1-0-0\" class=\"so-panel widget widget_sow-editor panel-first-child panel-last-child\" data-index=\"1\" ><div class=\"panel-widget-style panel-widget-style-for-177-1-0-0\" ><div\n\t\t\t\n\t\t\tclass=\"so-widget-sow-editor so-widget-sow-editor-base\"\n\t\t\t\n\t\t>\n<div class=\"siteorigin-widget-tinymce textwidget\">\n\t<p>Osmo's Cosmos Lideo Show on b\u00e4ndin keikoilla n\u00e4ht\u00e4v\u00e4 audiovisuaalinen show, jossa Osmo's Cosmos Bandin lis\u00e4ksi lavalla k\u00e4ytet\u00e4\u00e4n videotekniikkaa. B\u00e4ndi soittaa liven\u00e4, mutta on tahdistettu korvamonitoroinnin avulla videomateriaaliin.<\/p>\n<p align=\"left\">Lavan taustalla\u00a0olevalta videon\u00e4yt\u00f6lt\u00e4 tulee mm:<\/p>\n<p>\u2022 videovierailijoita<br \/> \u2022 videoanimaatioita<br \/> \u2022 karaoketausta<br \/> \u2022 keikkapaikan tai yrityksen logot 3D-animaationa<br \/> \u2022 yhteisty\u00f6kumppanien logoanimaatiot<br \/> \u2022 ilotulitus, tekstiviesti-chat, mainoksia, ym.<\/p>\n<p>Videovierailijoina Lideo Show'ssa mukana mm:<\/p>\n<p>\u2022 vanhaa Hurriganes kuvamateriaalia Say Mama biisiss\u00e4 (kiitos YLEn), johon Remu \u00a0Aaltosen kanssa \u00e4\u00e4nitettiin ja kuvattiin pari ekstra-s\u00e4keist\u00f6\u00e4<br \/> \u2022 taustalaulajina Laura Voutilainen, Marjorie ja Annica<br \/> \u2022 Long Horns, torvisektio<br \/> \u2022 Imatra Big Band<br \/> \u2022 Osmot itse munkkikuorona, Kiss-maskeissa, 3d-maatuskanukkeina, rekkamatkalla \u2022\u00a0rallikuski Jussi Tiippana ja kumppanit<br \/> \u2022 3D-Osmo, joka soittaa torvea, viulua, ym. sekoilua<\/p>\n<p align=\"left\"><a href=\"https:\/\/www.youtube.com\/user\/mbocay\" target=\"_blank\">Katso t\u00e4\u00e4lt\u00e4 livevideoita Lideo Show'sta Imatra Big Band Festivaleilta kes\u00e4lt\u00e4 2011<\/a><\/p>\n<p>Aikaisemmin Lideo Show'ssa mukana olleita, joita toisininaan k\u00e4ytet\u00e4\u00e4n:<\/p>\n<p>\u2022 Riitta ja Topi Uosukainen, Osmo's TV:n uutiset ja alkuspiikki<br \/> \u2022 Jukka Puotila, sketseiss\u00e4 mukana Andy McCoyn ja Adolf Enrothin hahmoissa<br \/> \u2022 Juha Laitila, sketsiss\u00e4 Sakari Kuosmasen hahmona<br \/> \u2022 Kirka, I Surrender<\/p>\n<p>Lideo Show on r\u00e4\u00e4t\u00e4l\u00f6it\u00e4viss\u00e4 my\u00f6s tilaajakohtaisesti. Esim. yrityksen toimitusjohtajan ja sihteerik\u00f6n muodostama duo tulee pikkujouluissa videon\u00e4yt\u00f6ille b\u00e4ndin solisteiksi. Ja nauhoituksethan on tehty tietysti etuk\u00e4teen, joten henkil\u00f6t itsekin voivat juhlahumussa katsoa ja kuunnela suoritustaan videolla.<\/p>\n<\/div>\n<\/div><\/div><\/div><\/div><div id=\"pgc-177-1-1\"  class=\"panel-grid-cell panel-grid-cell-empty\" ><\/div><\/div><\/div><div id=\"pg-177-2\"  class=\"panel-grid panel-has-style\" ><div class=\"siteorigin-panels-stretch panel-row-style-full-width panel-row-style panel-row-style-for-177-2\" style=\"\n\n\" data-stretch-type=\"full\" ><div id=\"pgc-177-2-0\"  class=\"panel-grid-cell\" ><div id=\"panel-177-2-0-0\" class=\"so-panel widget widget_sow-editor panel-first-child panel-last-child\" data-index=\"2\" ><div class=\"panel-widget-style panel-widget-style-for-177-2-0-0\" ><div\n\t\t\t\n\t\t\tclass=\"so-widget-sow-editor so-widget-sow-editor-base\"\n\t\t\t\n\t\t><h3 class=\"widget-title\">Auramaa-yhti\u00f6t<\/h3>\n<div class=\"siteorigin-widget-tinymce textwidget\">\n\t<p align=\"left\"><a href=\"http:\/\/www.auramaa.fi\/\" target=\"_blank\">Auramaa-yhti\u00f6iden<\/a> 80-vuotisjuhlaan tehtiin video rekkamatkasta Lappeenrannasta Euraan, jossa kuskina ja terminaality\u00f6ntekij\u00e4n\u00e4 toimi Auramaan henkil\u00f6kuntaa. B\u00e4ndi lastattiin kyytiin ja reipasta kohellustahan siit\u00e4kin Osmo-reissusta seurasi. Itse juhlassa video toimi ensin keikan introna ja b\u00e4ndi s\u00e4nt\u00e4si liven\u00e4 lavalle samaisen rekan kontista. Lopuksi biisi esitettiin tietysti my\u00f6s \"lideona\" eli b\u00e4ndi veti videon mukana liven\u00e4.<br \/>Ja keikka oli suurmenestys!<\/p>\n<p>My\u00f6hemmin biisit\u00e4 tuotettiin Auramaan henkil\u00f6kunnalle karaoke-DVD. Auramaalle Osmomaiseksi sovitettu biisi on \"Hyv\u00e4\u00e4 Huomenta Suomi\" ja voit katsoa videon <br \/><a href=\"http:\/\/www.youtube.com\/watch?v=vBbLvfX57BA&amp;feature=g-upl\" target=\"_blank\">Osmo's-TV<\/a>:st\u00e4.<\/p>\n<p>Auramaa-yhti\u00f6iden markkinointijohtaja Kalle Auramaa:<\/p>\n<p><em> \"80-vuotisjuhliimme tavoitteena oli saada jotain erilaista ja Osmojen kanssa tavoite onnistui t\u00e4ydellisesti. Ehdotin kahden keikan lis\u00e4ksi videon tekoa ja Osmot olivat heti innoissaan ajatuksesta. Tein alustavan k\u00e4sikirjoituksen ja se muokattiin molemmille sopivaksi ja elokuussa 2009 suoritettiin kuvaukset. Pelk\u00e4st\u00e4\u00e4n kuvausp\u00e4iv\u00e4 oli meille todella hauska erilainen ty\u00f6p\u00e4iv\u00e4. Juhlayleis\u00f6n vastaanotto videolle ja b\u00e4ndille oli jotain ikimuistoista, jota on vaikea edes kuvailla. Mainittakoon ettei v\u00e4ke\u00e4 tarvinnut videon ja sis\u00e4\u00e4ntulon j\u00e4lkeen erikseen kutsua tanssimaan Osmojen tahdissa! Kaikenkaikkiaan yhteisty\u00f6 Osmojen kanssa keikan, videon ja muiden asioiden suhteen sujui todella helposti ja joustavasti. Lis\u00e4ksi saimme DVD:st\u00e4 henkil\u00f6kunnalle mainion lis\u00e4n joulukinkun kylkeen.\"<\/em><\/p>\n<\/div>\n<\/div><\/div><\/div><\/div><div id=\"pgc-177-2-1\"  class=\"panel-grid-cell\" ><div id=\"panel-177-2-1-0\" class=\"so-panel widget widget_sow-editor panel-first-child panel-last-child\" data-index=\"3\" ><div class=\"panel-widget-style panel-widget-style-for-177-2-1-0\" ><div\n\t\t\t\n\t\t\tclass=\"so-widget-sow-editor so-widget-sow-editor-base\"\n\t\t\t\n\t\t><h3 class=\"widget-title\">Raisio ja Eloveena-tyt\u00f6t<\/h3>\n<div class=\"siteorigin-widget-tinymce textwidget\">\n\t<p align=\"left\">Esimerkiksi <a href=\"http:\/\/www.raisio.com\/\" target=\"_blank\">Raision<\/a> yritysjuhlaan tehtiin video, jossa Elovaana- tytt\u00f6j\u00e4 ja maatalon is\u00e4nt\u00e4\u00e4 esittiv\u00e4t Raison henkil\u00f6kunta. Video kuvattiin Imatralla Karjalaisella kotitalolla ja taustalaulut \u00e4\u00e4nitettiin Music-Bros studiolla. Videolla, pirttip\u00f6yd\u00e4n \u00e4\u00e4ress\u00e4, Osmot glitter-kuteissaan sy\u00f6v\u00e4t Eloveena-tytt\u00f6jen tarjoilemaa maukasta kaurapuuroa. Lopussa kaikki yhdess\u00e4 laulavat kappaleen taustalauluja. Raision yritysjuhlassa video tuli n\u00e4yt\u00f6ilt\u00e4 Osmojen soittaessa liven\u00e4 ja yksi esityskerta ei riitt\u00e4nyt!<\/p>\n<\/div>\n<\/div><\/div><\/div><\/div><\/div><\/div><div id=\"pg-177-3\"  class=\"panel-grid panel-has-style\" ><div class=\"siteorigin-panels-stretch panel-row-style-full-width panel-row-style panel-row-style-for-177-3\" style=\"\n\n\" data-stretch-type=\"full\" ><div id=\"pgc-177-3-0\"  class=\"panel-grid-cell panel-grid-cell-empty panel-grid-cell-mobile-last\" ><\/div><div id=\"pgc-177-3-1\"  class=\"panel-grid-cell panel-grid-cell-empty\" ><\/div><\/div><\/div><\/div>","protected":false},"excerpt":{"rendered":"<p>Osmo&#8217;s Cosmos Lideo Show on b\u00e4ndin keikoilla n\u00e4ht\u00e4v\u00e4 audiovisuaalinen show, jossa Osmo&#8217;s Cosmos Bandin lis\u00e4ksi lavalla k\u00e4ytet\u00e4\u00e4n videotekniikkaa. B\u00e4ndi soittaa liven\u00e4, mutta on tahdistettu korvamonitoroinnin avulla videomateriaaliin.Lavan taustalla\u00a0olevalta videon\u00e4yt\u00f6lt\u00e4 tulee mm:\u2022 videovierailijoita \u2022 videoanimaatioita \u2022 karaoketausta \u2022 keikkapaikan tai yrityksen logot 3D-animaationa \u2022 yhteisty\u00f6kumppanien logoanimaatiot \u2022 ilotulitus, tekstiviesti-chat, mainoksia, ym.Videovierailijoina Lideo Show&#8217;ssa mukana mm:\u2022 vanhaa [&hellip;]<\/p>\n","protected":false},"author":1,"featured_media":0,"parent":0,"menu_order":0,"comment_status":"closed","ping_status":"closed","template":"templates\/template-full-notitle.php","meta":{"footnotes":""},"yoast_head":"<!-- This site is optimized with the Yoast SEO plugin v22.6 - https:\/\/yoast.com\/wordpress\/plugins\/seo\/ -->\n<title>LIDEO SHOW - OSMO&#039;S COSMOS BAND<\/title>\n<meta name=\"robots\" content=\"index, follow, max-snippet:-1, max-image-preview:large, max-video-preview:-1\" \/>\n<link rel=\"canonical\" href=\"https:\/\/www.osmoscosmos.com\/ocband\/lideo-show\/\" \/>\n<meta property=\"og:locale\" content=\"fi_FI\" \/>\n<meta property=\"og:type\" content=\"article\" \/>\n<meta property=\"og:title\" content=\"LIDEO SHOW - OSMO&#039;S COSMOS BAND\" \/>\n<meta property=\"og:description\" content=\"Osmo&#039;s Cosmos Lideo Show on b\u00e4ndin keikoilla n\u00e4ht\u00e4v\u00e4 audiovisuaalinen show, jossa Osmo&#039;s Cosmos Bandin lis\u00e4ksi lavalla k\u00e4ytet\u00e4\u00e4n videotekniikkaa. B\u00e4ndi soittaa liven\u00e4, mutta on tahdistettu korvamonitoroinnin avulla videomateriaaliin.Lavan taustalla\u00a0olevalta videon\u00e4yt\u00f6lt\u00e4 tulee mm:\u2022 videovierailijoita \u2022 videoanimaatioita \u2022 karaoketausta \u2022 keikkapaikan tai yrityksen logot 3D-animaationa \u2022 yhteisty\u00f6kumppanien logoanimaatiot \u2022 ilotulitus, tekstiviesti-chat, mainoksia, ym.Videovierailijoina Lideo Show&#039;ssa mukana mm:\u2022 vanhaa [&hellip;]\" \/>\n<meta property=\"og:url\" content=\"https:\/\/www.osmoscosmos.com\/ocband\/lideo-show\/\" \/>\n<meta property=\"og:site_name\" content=\"OSMO&#039;S COSMOS BAND\" \/>\n<meta property=\"article:modified_time\" content=\"2016-03-18T21:48:26+00:00\" \/>\n<meta name=\"twitter:card\" content=\"summary_large_image\" \/>\n<meta name=\"twitter:label1\" content=\"Arvioitu lukuaika\" \/>\n\t<meta name=\"twitter:data1\" content=\"2 minuuttia\" \/>\n<script type=\"application\/ld+json\" class=\"yoast-schema-graph\">{\"@context\":\"https:\/\/schema.org\",\"@graph\":[{\"@type\":\"WebPage\",\"@id\":\"https:\/\/www.osmoscosmos.com\/ocband\/lideo-show\/\",\"url\":\"https:\/\/www.osmoscosmos.com\/ocband\/lideo-show\/\",\"name\":\"LIDEO SHOW - OSMO&#039;S COSMOS BAND\",\"isPartOf\":{\"@id\":\"https:\/\/www.osmoscosmos.com\/ocband\/#website\"},\"datePublished\":\"2016-03-15T23:21:28+00:00\",\"dateModified\":\"2016-03-18T21:48:26+00:00\",\"breadcrumb\":{\"@id\":\"https:\/\/www.osmoscosmos.com\/ocband\/lideo-show\/#breadcrumb\"},\"inLanguage\":\"fi\",\"potentialAction\":[{\"@type\":\"ReadAction\",\"target\":[\"https:\/\/www.osmoscosmos.com\/ocband\/lideo-show\/\"]}]},{\"@type\":\"BreadcrumbList\",\"@id\":\"https:\/\/www.osmoscosmos.com\/ocband\/lideo-show\/#breadcrumb\",\"itemListElement\":[{\"@type\":\"ListItem\",\"position\":1,\"name\":\"Etusivu\",\"item\":\"https:\/\/www.osmoscosmos.com\/ocband\/\"},{\"@type\":\"ListItem\",\"position\":2,\"name\":\"LIDEO SHOW\"}]},{\"@type\":\"WebSite\",\"@id\":\"https:\/\/www.osmoscosmos.com\/ocband\/#website\",\"url\":\"https:\/\/www.osmoscosmos.com\/ocband\/\",\"name\":\"OSMO&#039;S COSMOS BAND\",\"description\":\"\",\"potentialAction\":[{\"@type\":\"SearchAction\",\"target\":{\"@type\":\"EntryPoint\",\"urlTemplate\":\"https:\/\/www.osmoscosmos.com\/ocband\/?s={search_term_string}\"},\"query-input\":\"required name=search_term_string\"}],\"inLanguage\":\"fi\"}]}<\/script>\n<!-- \/ Yoast SEO plugin. -->","yoast_head_json":{"title":"LIDEO SHOW - OSMO&#039;S COSMOS BAND","robots":{"index":"index","follow":"follow","max-snippet":"max-snippet:-1","max-image-preview":"max-image-preview:large","max-video-preview":"max-video-preview:-1"},"canonical":"https:\/\/www.osmoscosmos.com\/ocband\/lideo-show\/","og_locale":"fi_FI","og_type":"article","og_title":"LIDEO SHOW - OSMO&#039;S COSMOS BAND","og_description":"Osmo's Cosmos Lideo Show on b\u00e4ndin keikoilla n\u00e4ht\u00e4v\u00e4 audiovisuaalinen show, jossa Osmo's Cosmos Bandin lis\u00e4ksi lavalla k\u00e4ytet\u00e4\u00e4n videotekniikkaa. B\u00e4ndi soittaa liven\u00e4, mutta on tahdistettu korvamonitoroinnin avulla videomateriaaliin.Lavan taustalla\u00a0olevalta videon\u00e4yt\u00f6lt\u00e4 tulee mm:\u2022 videovierailijoita \u2022 videoanimaatioita \u2022 karaoketausta \u2022 keikkapaikan tai yrityksen logot 3D-animaationa \u2022 yhteisty\u00f6kumppanien logoanimaatiot \u2022 ilotulitus, tekstiviesti-chat, mainoksia, ym.Videovierailijoina Lideo Show'ssa mukana mm:\u2022 vanhaa [&hellip;]","og_url":"https:\/\/www.osmoscosmos.com\/ocband\/lideo-show\/","og_site_name":"OSMO&#039;S COSMOS BAND","article_modified_time":"2016-03-18T21:48:26+00:00","twitter_card":"summary_large_image","twitter_misc":{"Arvioitu lukuaika":"2 minuuttia"},"schema":{"@context":"https:\/\/schema.org","@graph":[{"@type":"WebPage","@id":"https:\/\/www.osmoscosmos.com\/ocband\/lideo-show\/","url":"https:\/\/www.osmoscosmos.com\/ocband\/lideo-show\/","name":"LIDEO SHOW - OSMO&#039;S COSMOS BAND","isPartOf":{"@id":"https:\/\/www.osmoscosmos.com\/ocband\/#website"},"datePublished":"2016-03-15T23:21:28+00:00","dateModified":"2016-03-18T21:48:26+00:00","breadcrumb":{"@id":"https:\/\/www.osmoscosmos.com\/ocband\/lideo-show\/#breadcrumb"},"inLanguage":"fi","potentialAction":[{"@type":"ReadAction","target":["https:\/\/www.osmoscosmos.com\/ocband\/lideo-show\/"]}]},{"@type":"BreadcrumbList","@id":"https:\/\/www.osmoscosmos.com\/ocband\/lideo-show\/#breadcrumb","itemListElement":[{"@type":"ListItem","position":1,"name":"Etusivu","item":"https:\/\/www.osmoscosmos.com\/ocband\/"},{"@type":"ListItem","position":2,"name":"LIDEO SHOW"}]},{"@type":"WebSite","@id":"https:\/\/www.osmoscosmos.com\/ocband\/#website","url":"https:\/\/www.osmoscosmos.com\/ocband\/","name":"OSMO&#039;S COSMOS BAND","description":"","potentialAction":[{"@type":"SearchAction","target":{"@type":"EntryPoint","urlTemplate":"https:\/\/www.osmoscosmos.com\/ocband\/?s={search_term_string}"},"query-input":"required name=search_term_string"}],"inLanguage":"fi"}]}},"_links":{"self":[{"href":"https:\/\/www.osmoscosmos.com\/ocband\/wp-json\/wp\/v2\/pages\/177"}],"collection":[{"href":"https:\/\/www.osmoscosmos.com\/ocband\/wp-json\/wp\/v2\/pages"}],"about":[{"href":"https:\/\/www.osmoscosmos.com\/ocband\/wp-json\/wp\/v2\/types\/page"}],"author":[{"embeddable":true,"href":"https:\/\/www.osmoscosmos.com\/ocband\/wp-json\/wp\/v2\/users\/1"}],"replies":[{"embeddable":true,"href":"https:\/\/www.osmoscosmos.com\/ocband\/wp-json\/wp\/v2\/comments?post=177"}],"version-history":[{"count":0,"href":"https:\/\/www.osmoscosmos.com\/ocband\/wp-json\/wp\/v2\/pages\/177\/revisions"}],"wp:attachment":[{"href":"https:\/\/www.osmoscosmos.com\/ocband\/wp-json\/wp\/v2\/media?parent=177"}],"curies":[{"name":"wp","href":"https:\/\/api.w.org\/{rel}","templated":true}]}}