{"id":2072,"date":"2025-06-27T14:38:43","date_gmt":"2025-06-27T11:38:43","guid":{"rendered":"https:\/\/www.osmoscosmos.com\/ocband\/?page_id=2072"},"modified":"2025-06-27T14:50:10","modified_gmt":"2025-06-27T11:50:10","slug":"screamer","status":"publish","type":"page","link":"https:\/\/www.osmoscosmos.com\/ocband\/screamer\/","title":{"rendered":"SCREAMER"},"content":{"rendered":"<div id=\"pl-2072\"  class=\"panel-layout\" ><div id=\"pg-2072-0\"  class=\"panel-grid panel-has-style\" ><div class=\"wide-grey siteorigin-panels-stretch panel-row-style-full-width panel-row-style panel-row-style-for-2072-0\" style=\"\n\n\tmargin-top: -20px;\n\" data-stretch-type=\"full\" ><div id=\"pgc-2072-0-0\"  class=\"panel-grid-cell\" ><div id=\"panel-2072-0-0-0\" class=\"so-panel widget widget_headline-widget panel-first-child panel-last-child\" data-index=\"0\" >\t\t<h1>SCREAMER<\/h1>\n\t\t<div class=\"decoration\"><div class=\"decoration-inside\"><\/div><\/div>\n\t\t<h3>Screamer on Osmo's Cosmos \"esiaste\" <\/h3>\n\t\t<\/div><\/div><\/div><\/div><div id=\"pg-2072-1\"  class=\"panel-grid panel-has-style\" ><div class=\"siteorigin-panels-stretch panel-row-style-full-width panel-row-style panel-row-style-for-2072-1\" style=\"\n\n\" data-stretch-type=\"full\" ><div id=\"pgc-2072-1-0\"  class=\"panel-grid-cell panel-grid-cell-mobile-last\" ><div id=\"panel-2072-1-0-0\" class=\"so-panel widget widget_sow-editor panel-first-child panel-last-child\" data-index=\"1\" ><div class=\"panel-widget-style panel-widget-style-for-2072-1-0-0\" ><div\n\t\t\t\n\t\t\tclass=\"so-widget-sow-editor so-widget-sow-editor-base\"\n\t\t\t\n\t\t><h3 class=\"widget-title\">SCREAMER 1989-1995<\/h3>\n<div class=\"siteorigin-widget-tinymce textwidget\">\n\t<div class=\"x14z9mp xat24cr x1lziwak x1vvkbs xtlvy1s x126k92a\"><\/div>\n<div class=\"x14z9mp xat24cr x1lziwak x1vvkbs xtlvy1s x126k92a\">\n<div dir=\"auto\">\n<p>Vuonna 1988 perustettiin Imatralla b\u00e4ndi nimelt\u00e4 Screamer, jonka\u201dScreamer plays 70\u2019s\u201d -projektista muotoutui lopulta Osmo's Cosmos Band<\/p>\n<p>Screamer keskittyi p\u00e4\u00e4osin omiin englanninkielisiin kappaleisiinsa ja julkaisi vuosina 1989-1992 yhden singlen sek\u00e4 kaksi EP:t\u00e4 omakustanteina. Atte Blomin bongattua vuonna 1994 b\u00e4ndin talliinsa, levy-yhti\u00f6 Megamania julkaisi vuonna 1995 suomenkielisen albumin \u201dLiskojen y\u00f6\u201d. Sittemmin coverit veiv\u00e4t orkan menness\u00e4\u00e4n\u2026<\/p>\n<p>Screamer:<\/p>\n<p>Jaska Miikki - laulu ja basso<br \/>\nVille Soininen \u2013 kitara, huuliharppu, taustalaulu<br \/>\nPete Kiisseli \u2013 kitara, taustalaulu<br \/>\nMarko Siira - rummut<\/p>\n<p><a href=\"https:\/\/open.spotify.com\/artist\/1uaBKdK4ao3j8zXhzMR1XJ?si=7upKhWWTSYG3HiMAwmSLbA\" target=\"_blank\" rel=\"noopener\">Spotify:<\/a><br \/>\nhttps:\/\/open.spotify.com\/artist\/1uaBKdK4ao3j8zXhzMR1XJ?si=uLq1ejuqRwWGmG6byzZS0A<\/p>\n<p><a href=\"https:\/\/www.youtube.com\/playlist?list=PLAElVeBq1lJnqZOpwxLLeSU_Qu8LIziWV\" target=\"_blank\" rel=\"noopener\">YouTube:<\/a><br \/>\nhttps:\/\/www.youtube.com\/playlist?list=PLAElVeBq1lJnqZOpwxLLeSU_Qu8LIziWV<\/p>\n<p>Yhteys: info(at)music-bros.fi<br \/>\nPete Kiisseli, Ville Soininen<\/p>\n<p>&nbsp;<\/p>\n<\/div>\n<\/div>\n<div dir=\"auto\"><img decoding=\"async\" loading=\"lazy\" class=\"alignleft size-full wp-image-2073\" src=\"https:\/\/www.osmoscosmos.com\/ocband\/wp-content\/uploads\/2025\/06\/screamer1988_kuva_rippe_riikonen-copy.jpg\" alt=\"\" width=\"1158\" height=\"1494\" srcset=\"https:\/\/www.osmoscosmos.com\/ocband\/wp-content\/uploads\/2025\/06\/screamer1988_kuva_rippe_riikonen-copy.jpg 1158w, https:\/\/www.osmoscosmos.com\/ocband\/wp-content\/uploads\/2025\/06\/screamer1988_kuva_rippe_riikonen-copy-233x300.jpg 233w, https:\/\/www.osmoscosmos.com\/ocband\/wp-content\/uploads\/2025\/06\/screamer1988_kuva_rippe_riikonen-copy-794x1024.jpg 794w, https:\/\/www.osmoscosmos.com\/ocband\/wp-content\/uploads\/2025\/06\/screamer1988_kuva_rippe_riikonen-copy-768x991.jpg 768w\" sizes=\"(max-width: 1158px) 100vw, 1158px\" \/><\/div>\n<\/div>\n<\/div><\/div><\/div><\/div><div id=\"pgc-2072-1-1\"  class=\"panel-grid-cell panel-grid-cell-empty\" ><\/div><\/div><\/div><\/div>","protected":false},"excerpt":{"rendered":"<p>Vuonna 1988 perustettiin Imatralla b\u00e4ndi nimelt\u00e4 Screamer, jonka\u201dScreamer plays 70\u2019s\u201d -projektista muotoutui lopulta Osmo&#8217;s Cosmos Band Screamer keskittyi p\u00e4\u00e4osin omiin englanninkielisiin kappaleisiinsa ja julkaisi vuosina 1989-1992 yhden singlen sek\u00e4 kaksi EP:t\u00e4 omakustanteina. Atte Blomin bongattua vuonna 1994 b\u00e4ndin talliinsa, levy-yhti\u00f6 Megamania julkaisi vuonna 1995 suomenkielisen albumin \u201dLiskojen y\u00f6\u201d. Sittemmin coverit veiv\u00e4t orkan menness\u00e4\u00e4n\u2026 Screamer: Jaska [&hellip;]<\/p>\n","protected":false},"author":2,"featured_media":0,"parent":0,"menu_order":0,"comment_status":"closed","ping_status":"closed","template":"templates\/template-full-notitle.php","meta":{"footnotes":""},"yoast_head":"<!-- This site is optimized with the Yoast SEO plugin v22.6 - https:\/\/yoast.com\/wordpress\/plugins\/seo\/ -->\n<title>SCREAMER - OSMO&#039;S COSMOS BAND<\/title>\n<meta name=\"robots\" content=\"index, follow, max-snippet:-1, max-image-preview:large, max-video-preview:-1\" \/>\n<link rel=\"canonical\" href=\"https:\/\/www.osmoscosmos.com\/ocband\/screamer\/\" \/>\n<meta property=\"og:locale\" content=\"fi_FI\" \/>\n<meta property=\"og:type\" content=\"article\" \/>\n<meta property=\"og:title\" content=\"SCREAMER - OSMO&#039;S COSMOS BAND\" \/>\n<meta property=\"og:description\" content=\"Vuonna 1988 perustettiin Imatralla b\u00e4ndi nimelt\u00e4 Screamer, jonka\u201dScreamer plays 70\u2019s\u201d -projektista muotoutui lopulta Osmo&#039;s Cosmos Band Screamer keskittyi p\u00e4\u00e4osin omiin englanninkielisiin kappaleisiinsa ja julkaisi vuosina 1989-1992 yhden singlen sek\u00e4 kaksi EP:t\u00e4 omakustanteina. Atte Blomin bongattua vuonna 1994 b\u00e4ndin talliinsa, levy-yhti\u00f6 Megamania julkaisi vuonna 1995 suomenkielisen albumin \u201dLiskojen y\u00f6\u201d. Sittemmin coverit veiv\u00e4t orkan menness\u00e4\u00e4n\u2026 Screamer: Jaska [&hellip;]\" \/>\n<meta property=\"og:url\" content=\"https:\/\/www.osmoscosmos.com\/ocband\/screamer\/\" \/>\n<meta property=\"og:site_name\" content=\"OSMO&#039;S COSMOS BAND\" \/>\n<meta property=\"article:modified_time\" content=\"2025-06-27T11:50:10+00:00\" \/>\n<meta property=\"og:image\" content=\"https:\/\/www.osmoscosmos.com\/ocband\/wp-content\/uploads\/2025\/06\/screamer1988_kuva_rippe_riikonen-copy.jpg\" \/>\n<meta name=\"twitter:card\" content=\"summary_large_image\" \/>\n<meta name=\"twitter:label1\" content=\"Arvioitu lukuaika\" \/>\n\t<meta name=\"twitter:data1\" content=\"1 minuutti\" \/>\n<script type=\"application\/ld+json\" class=\"yoast-schema-graph\">{\"@context\":\"https:\/\/schema.org\",\"@graph\":[{\"@type\":\"WebPage\",\"@id\":\"https:\/\/www.osmoscosmos.com\/ocband\/screamer\/\",\"url\":\"https:\/\/www.osmoscosmos.com\/ocband\/screamer\/\",\"name\":\"SCREAMER - OSMO&#039;S COSMOS BAND\",\"isPartOf\":{\"@id\":\"https:\/\/www.osmoscosmos.com\/ocband\/#website\"},\"primaryImageOfPage\":{\"@id\":\"https:\/\/www.osmoscosmos.com\/ocband\/screamer\/#primaryimage\"},\"image\":{\"@id\":\"https:\/\/www.osmoscosmos.com\/ocband\/screamer\/#primaryimage\"},\"thumbnailUrl\":\"https:\/\/www.osmoscosmos.com\/ocband\/wp-content\/uploads\/2025\/06\/screamer1988_kuva_rippe_riikonen-copy.jpg\",\"datePublished\":\"2025-06-27T11:38:43+00:00\",\"dateModified\":\"2025-06-27T11:50:10+00:00\",\"breadcrumb\":{\"@id\":\"https:\/\/www.osmoscosmos.com\/ocband\/screamer\/#breadcrumb\"},\"inLanguage\":\"fi\",\"potentialAction\":[{\"@type\":\"ReadAction\",\"target\":[\"https:\/\/www.osmoscosmos.com\/ocband\/screamer\/\"]}]},{\"@type\":\"ImageObject\",\"inLanguage\":\"fi\",\"@id\":\"https:\/\/www.osmoscosmos.com\/ocband\/screamer\/#primaryimage\",\"url\":\"https:\/\/www.osmoscosmos.com\/ocband\/wp-content\/uploads\/2025\/06\/screamer1988_kuva_rippe_riikonen-copy.jpg\",\"contentUrl\":\"https:\/\/www.osmoscosmos.com\/ocband\/wp-content\/uploads\/2025\/06\/screamer1988_kuva_rippe_riikonen-copy.jpg\",\"width\":1158,\"height\":1494},{\"@type\":\"BreadcrumbList\",\"@id\":\"https:\/\/www.osmoscosmos.com\/ocband\/screamer\/#breadcrumb\",\"itemListElement\":[{\"@type\":\"ListItem\",\"position\":1,\"name\":\"Etusivu\",\"item\":\"https:\/\/www.osmoscosmos.com\/ocband\/\"},{\"@type\":\"ListItem\",\"position\":2,\"name\":\"SCREAMER\"}]},{\"@type\":\"WebSite\",\"@id\":\"https:\/\/www.osmoscosmos.com\/ocband\/#website\",\"url\":\"https:\/\/www.osmoscosmos.com\/ocband\/\",\"name\":\"OSMO&#039;S COSMOS BAND\",\"description\":\"\",\"potentialAction\":[{\"@type\":\"SearchAction\",\"target\":{\"@type\":\"EntryPoint\",\"urlTemplate\":\"https:\/\/www.osmoscosmos.com\/ocband\/?s={search_term_string}\"},\"query-input\":\"required name=search_term_string\"}],\"inLanguage\":\"fi\"}]}<\/script>\n<!-- \/ Yoast SEO plugin. -->","yoast_head_json":{"title":"SCREAMER - OSMO&#039;S COSMOS BAND","robots":{"index":"index","follow":"follow","max-snippet":"max-snippet:-1","max-image-preview":"max-image-preview:large","max-video-preview":"max-video-preview:-1"},"canonical":"https:\/\/www.osmoscosmos.com\/ocband\/screamer\/","og_locale":"fi_FI","og_type":"article","og_title":"SCREAMER - OSMO&#039;S COSMOS BAND","og_description":"Vuonna 1988 perustettiin Imatralla b\u00e4ndi nimelt\u00e4 Screamer, jonka\u201dScreamer plays 70\u2019s\u201d -projektista muotoutui lopulta Osmo's Cosmos Band Screamer keskittyi p\u00e4\u00e4osin omiin englanninkielisiin kappaleisiinsa ja julkaisi vuosina 1989-1992 yhden singlen sek\u00e4 kaksi EP:t\u00e4 omakustanteina. Atte Blomin bongattua vuonna 1994 b\u00e4ndin talliinsa, levy-yhti\u00f6 Megamania julkaisi vuonna 1995 suomenkielisen albumin \u201dLiskojen y\u00f6\u201d. Sittemmin coverit veiv\u00e4t orkan menness\u00e4\u00e4n\u2026 Screamer: Jaska [&hellip;]","og_url":"https:\/\/www.osmoscosmos.com\/ocband\/screamer\/","og_site_name":"OSMO&#039;S COSMOS BAND","article_modified_time":"2025-06-27T11:50:10+00:00","og_image":[{"url":"https:\/\/www.osmoscosmos.com\/ocband\/wp-content\/uploads\/2025\/06\/screamer1988_kuva_rippe_riikonen-copy.jpg"}],"twitter_card":"summary_large_image","twitter_misc":{"Arvioitu lukuaika":"1 minuutti"},"schema":{"@context":"https:\/\/schema.org","@graph":[{"@type":"WebPage","@id":"https:\/\/www.osmoscosmos.com\/ocband\/screamer\/","url":"https:\/\/www.osmoscosmos.com\/ocband\/screamer\/","name":"SCREAMER - OSMO&#039;S COSMOS BAND","isPartOf":{"@id":"https:\/\/www.osmoscosmos.com\/ocband\/#website"},"primaryImageOfPage":{"@id":"https:\/\/www.osmoscosmos.com\/ocband\/screamer\/#primaryimage"},"image":{"@id":"https:\/\/www.osmoscosmos.com\/ocband\/screamer\/#primaryimage"},"thumbnailUrl":"https:\/\/www.osmoscosmos.com\/ocband\/wp-content\/uploads\/2025\/06\/screamer1988_kuva_rippe_riikonen-copy.jpg","datePublished":"2025-06-27T11:38:43+00:00","dateModified":"2025-06-27T11:50:10+00:00","breadcrumb":{"@id":"https:\/\/www.osmoscosmos.com\/ocband\/screamer\/#breadcrumb"},"inLanguage":"fi","potentialAction":[{"@type":"ReadAction","target":["https:\/\/www.osmoscosmos.com\/ocband\/screamer\/"]}]},{"@type":"ImageObject","inLanguage":"fi","@id":"https:\/\/www.osmoscosmos.com\/ocband\/screamer\/#primaryimage","url":"https:\/\/www.osmoscosmos.com\/ocband\/wp-content\/uploads\/2025\/06\/screamer1988_kuva_rippe_riikonen-copy.jpg","contentUrl":"https:\/\/www.osmoscosmos.com\/ocband\/wp-content\/uploads\/2025\/06\/screamer1988_kuva_rippe_riikonen-copy.jpg","width":1158,"height":1494},{"@type":"BreadcrumbList","@id":"https:\/\/www.osmoscosmos.com\/ocband\/screamer\/#breadcrumb","itemListElement":[{"@type":"ListItem","position":1,"name":"Etusivu","item":"https:\/\/www.osmoscosmos.com\/ocband\/"},{"@type":"ListItem","position":2,"name":"SCREAMER"}]},{"@type":"WebSite","@id":"https:\/\/www.osmoscosmos.com\/ocband\/#website","url":"https:\/\/www.osmoscosmos.com\/ocband\/","name":"OSMO&#039;S COSMOS BAND","description":"","potentialAction":[{"@type":"SearchAction","target":{"@type":"EntryPoint","urlTemplate":"https:\/\/www.osmoscosmos.com\/ocband\/?s={search_term_string}"},"query-input":"required name=search_term_string"}],"inLanguage":"fi"}]}},"_links":{"self":[{"href":"https:\/\/www.osmoscosmos.com\/ocband\/wp-json\/wp\/v2\/pages\/2072"}],"collection":[{"href":"https:\/\/www.osmoscosmos.com\/ocband\/wp-json\/wp\/v2\/pages"}],"about":[{"href":"https:\/\/www.osmoscosmos.com\/ocband\/wp-json\/wp\/v2\/types\/page"}],"author":[{"embeddable":true,"href":"https:\/\/www.osmoscosmos.com\/ocband\/wp-json\/wp\/v2\/users\/2"}],"replies":[{"embeddable":true,"href":"https:\/\/www.osmoscosmos.com\/ocband\/wp-json\/wp\/v2\/comments?post=2072"}],"version-history":[{"count":20,"href":"https:\/\/www.osmoscosmos.com\/ocband\/wp-json\/wp\/v2\/pages\/2072\/revisions"}],"predecessor-version":[{"id":2094,"href":"https:\/\/www.osmoscosmos.com\/ocband\/wp-json\/wp\/v2\/pages\/2072\/revisions\/2094"}],"wp:attachment":[{"href":"https:\/\/www.osmoscosmos.com\/ocband\/wp-json\/wp\/v2\/media?parent=2072"}],"curies":[{"name":"wp","href":"https:\/\/api.w.org\/{rel}","templated":true}]}}